{"id":29228,"date":"2024-11-27T16:23:20","date_gmt":"2024-11-27T16:23:20","guid":{"rendered":"https:\/\/hahnenklee-ferienchalets.de\/betingelser-for-deltagelse\/"},"modified":"2025-01-30T12:16:41","modified_gmt":"2025-01-30T12:16:41","slug":"betingelser-for-deltagelse","status":"publish","type":"page","link":"https:\/\/hahnenklee-ferienchalets.de\/da\/betingelser-for-deltagelse\/","title":{"rendered":"Betingelser for deltagelse"},"content":{"rendered":"<div class=\"wpb-content-wrapper\"><p>[vc_section css=&#8221;.vc_custom_1696777603973{margin-top: -50px !important;}&#8221;][vc_row][vc_column][vc_column_text]<\/p>\n<h1>AKTUELLE KONKURRENCER I HAHNENKLEE-HYTTERNE<\/h1>\n<p>Her finder du betingelserne for deltagelse i de aktuelle konkurrencer, som Hahnenklee Chalets arrangerer.<\/p>\n<h2>Konkurrencen &#8220;Adventslotteri 2024&#8221; p\u00e5 de sociale medieplatforme Facebook og Instagram<\/h2>\n<p><b>Arrang\u00f8r af kampagnen: <\/b>Konkurrencen arrangeres af Buntenbock Invest GmbH &amp; Co KG, Am Brink 11, 38678 Clausthal-Zellerfeld. Kontakt: info@harz-urlaubs-alm.de | Tel. +49 5323 99491 0 Pr\u00e6mier <b>:<\/b> I alt seks pr\u00e6miechecks og fem vandrekort til Harzer Wandernadel udloddes i ti lodtr\u00e6kninger. Et gavekort har en v\u00e6rdi af 100 euro og kan indl\u00f8ses ved booking af et fremtidigt ophold i hytterne i feriebyen Hahnenklee-Bockswiese, Birkenweg 5-7, 38644 Hahnenklee-Bockswiese. V\u00e6rdikuponen kan ikke indl\u00f8ses i dele. Vandrepassene udloddes i samarbejde med &#8220;Harzer Wandernadel&#8221;. Vinderne f\u00e5r besked via et offentligt opslag p\u00e5 Hahnenklee Ferienchalets sociale mediesider p\u00e5 Facebook og Instagram og efterf\u00f8lgende via en privat besked. For mere information se &#8220;Meddelelse&#8221;. <b>Konkurrencens varighed: Konkur<\/b> rencen l\u00f8ber fra 28.12.2024 til 24.12.2024, kl. 11. <b>Foruds\u00e6tning <\/b>for deltagelse i <b>konkurrencen <\/b>: Deltageren skal v\u00e6re mindst 18 \u00e5r gammel. Deltagelse sker ved at f\u00f8lge Hahnenklee Ferienchalets respektive konto p\u00e5 Facebook og\/eller Instagram og ved at like, kommentere eller dele det respektive konkurrenceopslag p\u00e5 de tilsvarende kanaler. En anden person skal tagges i kommentaren. <b>Betingelser for deltagelse:<\/b> Ved at deltage i lodtr\u00e6kningen accepterer deltagerne de deltagelsesbetingelser, der er anf\u00f8rt her, samt databeskyttelsesbetingelserne p\u00e5: https:\/\/hahnenklee-ferienchalets.de\/datenschutzerklaerung\/ Deltagelse er ikke afh\u00e6ngig af k\u00f8b af varer eller brug af en tjeneste fra Feriendorf Hahnenklee-Bockswiese. K\u00f8b af et produkt eller brug af en service \u00f8ger ikke chancerne for at vinde. Deltagelse i konkurrencen inkluderer samtykke til navngivning af for- og efternavn p\u00e5 &#8220;Hahnenklee Chalets&#8221; Facebook- og Instagram-side i tilf\u00e6lde af en gevinst. Lodtr\u00e6kning <b>: <\/b>Alle deltagere, der opfylder kravene, deltager online i lodtr\u00e6kningsv\u00e6rkt\u00f8jet &#8220;Wheel of Names&#8221; med deres brugernavn fra Facebook eller Instagram. Vinderne findes ved at klikke p\u00e5 det digitale lykkehjul. Vinderen tr\u00e6kkes foran kameraet den 1. december, 6. december, 8. december, 16. december, 22. december og 24. december. Retslige skridt er udelukket. <b>Meddelelse: <\/b>Vinderne vil blive annonceret med deres brugernavn p\u00e5 de sociale medier Facebook og Instagram. Vinderen vil blive informeret via en privat besked. Yderligere personoplysninger s\u00e5som e-mailadresse og postadresse vil blive indsamlet med henblik p\u00e5 overf\u00f8rsel af pr\u00e6mien. <strong>Behandling af personoplysninger: <\/strong>Behandlingen af de registreredes personoplysninger sker i overensstemmelse med g\u00e6ldende europ\u00e6isk og national lovgivning.  <\/p>\n<p> Deltagerne giver samtykke til, at deres oplysninger indsamles, behandles og bruges med henblik p\u00e5 at deltage i og organisere konkurrencen, og at deres fornavn og efternavn offentligg\u00f8res p\u00e5 Facebook- og Instagram-siderne, hvis de vinder. Oplysningerne vil ikke blive brugt til andre form\u00e5l end dem, der er angivet i betingelserne for deltagelse. Dette samtykke kan til enhver tid tilbagekaldes med virkning for fremtiden ved at sende en e-mail til <a class=\"\" href=\"mailto:info@hahnenklee-ferienchalets.de\">info@hahnenklee-ferienchalets.de.<\/a> <b>Gyldighedsperiode: <\/b>V\u00e6rdibeviset er gyldigt indtil 31.12.2025. <b>Aldersbegr\u00e6nsning: <\/b>Deltagelse og indl\u00f8sning kun fra 18 \u00e5r. Udelukkelse <b>af kontant betaling: <\/b>Kontant betaling er ikke mulig. <b>Retsmidler <\/b>: Retsmidler er udelukket. Du kan finde <a href=\"https:\/\/hahnenklee-ferienchalets.de\/da\/privatlivspolitik\/\">privatlivspolitikken<\/a> her.  <\/p>\n<p>[\/vc_column_text][\/vc_column][\/vc_row][\/vc_section]<\/p>\n<\/div>","protected":false},"excerpt":{"rendered":"<p>[vc_section css=&#8221;.vc_custom_1696777603973{margin-top: -50px !important;}&#8221;][vc_row][vc_column][vc_column_text] AKTUELLE KONKURRENCER I HAHNENKLEE-HYTTERNE Her finder du betingelserne for deltagelse i de aktuelle konkurrencer, som Hahnenklee Chalets arrangerer. Konkurrencen &#8220;Adventslotteri 2024&#8221; p\u00e5 de sociale medieplatforme Facebook og Instagram Arrang\u00f8r af kampagnen: Konkurrencen arrangeres af Buntenbock Invest GmbH &amp; Co KG, Am Brink 11, 38678 Clausthal-Zellerfeld. Kontakt: info@harz-urlaubs-alm.de | Tel. +49 5323 [&hellip;]<\/p>\n","protected":false},"author":7,"featured_media":0,"parent":0,"menu_order":0,"comment_status":"closed","ping_status":"closed","template":"","meta":{"footnotes":""},"class_list":["post-29228","page","type-page","status-publish","hentry"],"yoast_head":"<!-- This site is optimized with the Yoast SEO plugin v26.1 - https:\/\/yoast.com\/wordpress\/plugins\/seo\/ -->\n<title>Betingelser for deltagelse - Hahnenklee Ferienchalets<\/title>\n<meta name=\"robots\" content=\"index, follow, max-snippet:-1, max-image-preview:large, max-video-preview:-1\" \/>\n<link rel=\"canonical\" href=\"https:\/\/hahnenklee-ferienchalets.de\/da\/betingelser-for-deltagelse\/\" \/>\n<meta property=\"og:locale\" content=\"da_DK\" \/>\n<meta property=\"og:type\" content=\"article\" \/>\n<meta property=\"og:title\" content=\"Betingelser for deltagelse - Hahnenklee Ferienchalets\" \/>\n<meta property=\"og:description\" content=\"[vc_section css=&#8221;.vc_custom_1696777603973{margin-top: -50px !important;}&#8221;][vc_row][vc_column][vc_column_text] AKTUELLE KONKURRENCER I HAHNENKLEE-HYTTERNE Her finder du betingelserne for deltagelse i de aktuelle konkurrencer, som Hahnenklee Chalets arrangerer. Konkurrencen &#8220;Adventslotteri 2024&#8221; p\u00e5 de sociale medieplatforme Facebook og Instagram Arrang\u00f8r af kampagnen: Konkurrencen arrangeres af Buntenbock Invest GmbH &amp; Co KG, Am Brink 11, 38678 Clausthal-Zellerfeld. Kontakt: info@harz-urlaubs-alm.de | Tel. +49 5323 [&hellip;]\" \/>\n<meta property=\"og:url\" content=\"https:\/\/hahnenklee-ferienchalets.de\/da\/betingelser-for-deltagelse\/\" \/>\n<meta property=\"og:site_name\" content=\"Hahnenklee Ferienchalets\" \/>\n<meta property=\"article:modified_time\" content=\"2025-01-30T12:16:41+00:00\" \/>\n<meta name=\"twitter:card\" content=\"summary_large_image\" \/>\n<meta name=\"twitter:label1\" content=\"Estimeret l\u00e6setid\" \/>\n\t<meta name=\"twitter:data1\" content=\"3 minutter\" \/>\n<script type=\"application\/ld+json\" class=\"yoast-schema-graph\">{\"@context\":\"https:\/\/schema.org\",\"@graph\":[{\"@type\":\"WebPage\",\"@id\":\"https:\/\/hahnenklee-ferienchalets.de\/da\/betingelser-for-deltagelse\/\",\"url\":\"https:\/\/hahnenklee-ferienchalets.de\/da\/betingelser-for-deltagelse\/\",\"name\":\"Betingelser for deltagelse - Hahnenklee Ferienchalets\",\"isPartOf\":{\"@id\":\"https:\/\/hahnenklee-ferienchalets.de\/da\/#website\"},\"datePublished\":\"2024-11-27T16:23:20+00:00\",\"dateModified\":\"2025-01-30T12:16:41+00:00\",\"breadcrumb\":{\"@id\":\"https:\/\/hahnenklee-ferienchalets.de\/da\/betingelser-for-deltagelse\/#breadcrumb\"},\"inLanguage\":\"da-DK\",\"potentialAction\":[{\"@type\":\"ReadAction\",\"target\":[\"https:\/\/hahnenklee-ferienchalets.de\/da\/betingelser-for-deltagelse\/\"]}]},{\"@type\":\"BreadcrumbList\",\"@id\":\"https:\/\/hahnenklee-ferienchalets.de\/da\/betingelser-for-deltagelse\/#breadcrumb\",\"itemListElement\":[{\"@type\":\"ListItem\",\"position\":1,\"name\":\"Startseite\",\"item\":\"https:\/\/hahnenklee-ferienchalets.de\/da\/ferieby\/\"},{\"@type\":\"ListItem\",\"position\":2,\"name\":\"Betingelser for deltagelse\"}]},{\"@type\":\"WebSite\",\"@id\":\"https:\/\/hahnenklee-ferienchalets.de\/da\/#website\",\"url\":\"https:\/\/hahnenklee-ferienchalets.de\/da\/\",\"name\":\"Hahnenklee Ferienchalets\",\"description\":\"Resort\",\"potentialAction\":[{\"@type\":\"SearchAction\",\"target\":{\"@type\":\"EntryPoint\",\"urlTemplate\":\"https:\/\/hahnenklee-ferienchalets.de\/da\/?s={search_term_string}\"},\"query-input\":{\"@type\":\"PropertyValueSpecification\",\"valueRequired\":true,\"valueName\":\"search_term_string\"}}],\"inLanguage\":\"da-DK\"}]}<\/script>\n<!-- \/ Yoast SEO plugin. -->","yoast_head_json":{"title":"Betingelser for deltagelse - Hahnenklee Ferienchalets","robots":{"index":"index","follow":"follow","max-snippet":"max-snippet:-1","max-image-preview":"max-image-preview:large","max-video-preview":"max-video-preview:-1"},"canonical":"https:\/\/hahnenklee-ferienchalets.de\/da\/betingelser-for-deltagelse\/","og_locale":"da_DK","og_type":"article","og_title":"Betingelser for deltagelse - Hahnenklee Ferienchalets","og_description":"[vc_section css=&#8221;.vc_custom_1696777603973{margin-top: -50px !important;}&#8221;][vc_row][vc_column][vc_column_text] AKTUELLE KONKURRENCER I HAHNENKLEE-HYTTERNE Her finder du betingelserne for deltagelse i de aktuelle konkurrencer, som Hahnenklee Chalets arrangerer. Konkurrencen &#8220;Adventslotteri 2024&#8221; p\u00e5 de sociale medieplatforme Facebook og Instagram Arrang\u00f8r af kampagnen: Konkurrencen arrangeres af Buntenbock Invest GmbH &amp; Co KG, Am Brink 11, 38678 Clausthal-Zellerfeld. Kontakt: info@harz-urlaubs-alm.de | Tel. +49 5323 [&hellip;]","og_url":"https:\/\/hahnenklee-ferienchalets.de\/da\/betingelser-for-deltagelse\/","og_site_name":"Hahnenklee Ferienchalets","article_modified_time":"2025-01-30T12:16:41+00:00","twitter_card":"summary_large_image","twitter_misc":{"Estimeret l\u00e6setid":"3 minutter"},"schema":{"@context":"https:\/\/schema.org","@graph":[{"@type":"WebPage","@id":"https:\/\/hahnenklee-ferienchalets.de\/da\/betingelser-for-deltagelse\/","url":"https:\/\/hahnenklee-ferienchalets.de\/da\/betingelser-for-deltagelse\/","name":"Betingelser for deltagelse - Hahnenklee Ferienchalets","isPartOf":{"@id":"https:\/\/hahnenklee-ferienchalets.de\/da\/#website"},"datePublished":"2024-11-27T16:23:20+00:00","dateModified":"2025-01-30T12:16:41+00:00","breadcrumb":{"@id":"https:\/\/hahnenklee-ferienchalets.de\/da\/betingelser-for-deltagelse\/#breadcrumb"},"inLanguage":"da-DK","potentialAction":[{"@type":"ReadAction","target":["https:\/\/hahnenklee-ferienchalets.de\/da\/betingelser-for-deltagelse\/"]}]},{"@type":"BreadcrumbList","@id":"https:\/\/hahnenklee-ferienchalets.de\/da\/betingelser-for-deltagelse\/#breadcrumb","itemListElement":[{"@type":"ListItem","position":1,"name":"Startseite","item":"https:\/\/hahnenklee-ferienchalets.de\/da\/ferieby\/"},{"@type":"ListItem","position":2,"name":"Betingelser for deltagelse"}]},{"@type":"WebSite","@id":"https:\/\/hahnenklee-ferienchalets.de\/da\/#website","url":"https:\/\/hahnenklee-ferienchalets.de\/da\/","name":"Hahnenklee Ferienchalets","description":"Resort","potentialAction":[{"@type":"SearchAction","target":{"@type":"EntryPoint","urlTemplate":"https:\/\/hahnenklee-ferienchalets.de\/da\/?s={search_term_string}"},"query-input":{"@type":"PropertyValueSpecification","valueRequired":true,"valueName":"search_term_string"}}],"inLanguage":"da-DK"}]}},"_links":{"self":[{"href":"https:\/\/hahnenklee-ferienchalets.de\/da\/wp-json\/wp\/v2\/pages\/29228","targetHints":{"allow":["GET"]}}],"collection":[{"href":"https:\/\/hahnenklee-ferienchalets.de\/da\/wp-json\/wp\/v2\/pages"}],"about":[{"href":"https:\/\/hahnenklee-ferienchalets.de\/da\/wp-json\/wp\/v2\/types\/page"}],"author":[{"embeddable":true,"href":"https:\/\/hahnenklee-ferienchalets.de\/da\/wp-json\/wp\/v2\/users\/7"}],"replies":[{"embeddable":true,"href":"https:\/\/hahnenklee-ferienchalets.de\/da\/wp-json\/wp\/v2\/comments?post=29228"}],"version-history":[{"count":1,"href":"https:\/\/hahnenklee-ferienchalets.de\/da\/wp-json\/wp\/v2\/pages\/29228\/revisions"}],"predecessor-version":[{"id":29229,"href":"https:\/\/hahnenklee-ferienchalets.de\/da\/wp-json\/wp\/v2\/pages\/29228\/revisions\/29229"}],"wp:attachment":[{"href":"https:\/\/hahnenklee-ferienchalets.de\/da\/wp-json\/wp\/v2\/media?parent=29228"}],"curies":[{"name":"wp","href":"https:\/\/api.w.org\/{rel}","templated":true}]}}