{"id":29234,"date":"2024-09-10T08:19:08","date_gmt":"2024-09-10T08:19:08","guid":{"rendered":"https:\/\/hahnenklee-ferienchalets.de\/webcam-harz\/"},"modified":"2025-01-30T12:17:18","modified_gmt":"2025-01-30T12:17:18","slug":"webcam-harz","status":"publish","type":"page","link":"https:\/\/hahnenklee-ferienchalets.de\/da\/webcam-harz\/","title":{"rendered":"Webcam harz"},"content":{"rendered":"<div class=\"wpb-content-wrapper\"><p>[vc_section css=&#8221;.vc_custom_1696775876759{margin-top: -50px !important;}&#8221;][vc_row][vc_column offset=&#8221;vc_col-lg-offset-3 vc_col-lg-6&#8243;]<style type=\"text\/css\">#ut_custom_heading69e4decbe0ab7 { color:#8e7364; }#ut_custom_heading69e4decbe0ab7 { font-family: \"Open Sans\";font-weight:300;font-style:normal; }#ut_custom_heading69e4decbe0ab7 { font-size:20px !important; }#ut_custom_heading69e4decbe0ab7 { text-align:center; }@media (min-width: 768px) and (max-width: 1024px) { #ut_custom_heading69e4decbe0ab7 { text-align:center; } }@media (max-width: 767px) { #ut_custom_heading69e4decbe0ab7 { text-align:center; } }<\/style><h1 id=\"ut_custom_heading69e4decbe0ab7\" data-responsive-font=\"h1\" data-responsive-font-settings=\"{&quot;base-font-size&quot;:&quot;20&quot;,&quot;font-size-unit&quot;:&quot;px&quot;,&quot;font-size&quot;:{&quot;desktop_large&quot;:&quot;20&quot;},&quot;base-line-height&quot;:&quot;global&quot;,&quot;base-letter-spacing&quot;:&quot;global&quot;}\" class=\"ut-custom-heading-module   vc_custom_1725956705896\" ><span class=\"\" >Vejr og natur i Harzen<\/span><\/h1><div class=\"wpb_content_element \"><style type=\"text\/css\">#ut_header_69e4decbe5b0d h2.section-title, #ut_header_69e4decbe5b0d h2.section-title span { color:#2e6369; }#ut_header_69e4decbe5b0d h2.section-title { font-size:45px !important; }#ut_header_69e4decbe5b0d .lead { margin-top:-10px; }<\/style><header id=\"ut_header_69e4decbe5b0d\" class=\"section-header  ut-no-title-linebreak-mobile ut-no-lead-linebreak-mobile pt-style-7 header-center header-tablet-center header-mobile-center\"><h2 data-title=\"Live-webcam Hahnenklee\"  data-responsive-font=\"section_title\" data-responsive-font-settings=\"{&quot;base-font-size&quot;:&quot;45&quot;,&quot;font-size-unit&quot;:&quot;px&quot;,&quot;font-size&quot;:{&quot;desktop_large&quot;:&quot;45&quot;},&quot;base-line-height&quot;:&quot;global&quot;,&quot;base-letter-spacing&quot;:&quot;inherit&quot;}\" class=\"section-title  \"><span>Live-webcam Hahnenklee<\/span><\/h2><div data-delay=\"0\" class=\"lead \"><p>Uanset om du vil nyde sneen om vinteren eller beundre det blomstrende landskab om sommeren &#8211; vores webcam giver dig imponerende billeder i realtid d\u00f8gnet rundt. Takket v\u00e6re de aktuelle vejrdata og panoramaer kan du planl\u00e6gge din ferie p\u00e5 den bedst mulige m\u00e5de. De maleriske omgivelser i Hahnenklee er ideelle for vandrere, vintersportsentusiaster og naturelskere. Bes\u00f8g os og se selv, hvor smukt Harzen er p\u00e5 alle tider af \u00e5ret.<\/p>\n<\/div><\/header><\/div>[\/vc_column][\/vc_row][\/vc_section][vc_section][vc_row][vc_column][vc_raw_html]JTNDc2NyaXB0JTIwdHlwZSUzRCUyMmFwcGxpY2F0aW9uJTJGamF2YXNjcmlwdCUyMiUyMHNyYyUzRCUyMiUwQWh0dHBzJTNBJTJGJTJGcGxheWVyLmxpdmVzcG90dGluZy5jb20lMkZwbGF5ZXIlMkZjbGFwcHIlMkZsYXRlc3QlMkZwbGF5ZXIubWluLmpzJTIyJTNFJTNDJTJGc2NyaXB0JTNFJTBBJTNDZGl2JTIwY2xhc3MlM0QlMjJsc3BsYXllci1jb250YWluZXIlMjIlM0UlMEElM0NkaXYlMjBpZCUzRCUyMmxzcGxheWVyLXdyYXBwZXIlMjIlMjBjbGFzcyUzRCUyMmxzcGxheWVyLXdyYXBwZXIlMjIlM0UlM0MlMkZkaXYlM0UlMEElM0MlMkZkaXYlM0UlMEElM0NzY3JpcHQlMjB0eXBlJTNEJTIyYXBwbGljYXRpb24lMkZqYXZhc2NyaXB0JTIyJTNFJTBBJTIwJTIwJTIwJTIwJTIwJTIwJTIwJTIwJTI4ZnVuY3Rpb24lMjglMjklMjAlN0IlMEElMjAlMjAlMjAlMjAlMjAlMjAlMjAlMjAlMjAlMjAlMjAlMjAlMjAlMjAlMjAlMjBsc3BsYXllci5pbml0JTI4JTI3bHNwbGF5ZXItd3JhcHBlciUyNyUyQyUyMCU3QiUwQSUyMCUyMCUyMCUyMCUyMCUyMCUyMCUyMCUyMCUyMCUyMCUyMCUyMCUyMCUyMCUyMCUyMCUyMCUyMCUyMCUyMCUyMCUyMCUyMHBsYXllcl9pZCUzQSUyMCUyN2hremF6dTg3JTI3JTJDJTIwJTBBJTIwJTIwJTIwJTIwJTIwJTIwJTIwJTIwJTIwJTIwJTIwJTIwJTIwJTIwJTIwJTIwJTIwJTIwJTIwJTIwJTIwJTIwJTIwJTIwbGl2ZXNvdXJjZV9pZCUzQSUyMCUyN2lyczYxMHlzJTI3JTBBJTIwJTIwJTIwJTIwJTIwJTIwJTIwJTIwJTIwJTIwJTIwJTIwJTIwJTIwJTIwJTIwJTdEJTI5JTNCJTBBJTIwJTIwJTIwJTIwJTIwJTIwJTIwJTIwJTdEJTI5JTI4JTI5JTNCJTBBJTNDJTJGc2NyaXB0JTNF[\/vc_raw_html][\/vc_column][\/vc_row][\/vc_section][vc_section][vc_row][vc_column]<style type=\"text\/css\"><\/style><div id=\"bklyn_btn_69e4decbe64b1\" class=\"bklyn-btn-holder  bklyn-btn-center bklyn-btn-tablet-center bklyn-btn-mobile-center\"><a title=\"\"   href=\"https:\/\/app.mews.com\/distributor\/9fd818ba-5b69-40e6-8fcb-b204008d968f\" target=\"_self\" class=\"bklyn-btn  bklyn-btn-normal\" ><span class=\"ut-btn-text\">Book dit feriehus<\/span><\/a><\/div>[\/vc_column][\/vc_row][\/vc_section]<\/p>\n<\/div>","protected":false},"excerpt":{"rendered":"<p>[vc_section css=&#8221;.vc_custom_1696775876759{margin-top: -50px !important;}&#8221;][vc_row][vc_column offset=&#8221;vc_col-lg-offset-3 vc_col-lg-6&#8243;][\/vc_column][\/vc_row][\/vc_section][vc_section][vc_row][vc_column][vc_raw_html]JTNDc2NyaXB0JTIwdHlwZSUzRCUyMmFwcGxpY2F0aW9uJTJGamF2YXNjcmlwdCUyMiUyMHNyYyUzRCUyMiUwQWh0dHBzJTNBJTJGJTJGcGxheWVyLmxpdmVzcG90dGluZy5jb20lMkZwbGF5ZXIlMkZjbGFwcHIlMkZsYXRlc3QlMkZwbGF5ZXIubWluLmpzJTIyJTNFJTNDJTJGc2NyaXB0JTNFJTBBJTNDZGl2JTIwY2xhc3MlM0QlMjJsc3BsYXllci1jb250YWluZXIlMjIlM0UlMEElM0NkaXYlMjBpZCUzRCUyMmxzcGxheWVyLXdyYXBwZXIlMjIlMjBjbGFzcyUzRCUyMmxzcGxheWVyLXdyYXBwZXIlMjIlM0UlM0MlMkZkaXYlM0UlMEElM0MlMkZkaXYlM0UlMEElM0NzY3JpcHQlMjB0eXBlJTNEJTIyYXBwbGljYXRpb24lMkZqYXZhc2NyaXB0JTIyJTNFJTBBJTIwJTIwJTIwJTIwJTIwJTIwJTIwJTIwJTI4ZnVuY3Rpb24lMjglMjklMjAlN0IlMEElMjAlMjAlMjAlMjAlMjAlMjAlMjAlMjAlMjAlMjAlMjAlMjAlMjAlMjAlMjAlMjBsc3BsYXllci5pbml0JTI4JTI3bHNwbGF5ZXItd3JhcHBlciUyNyUyQyUyMCU3QiUwQSUyMCUyMCUyMCUyMCUyMCUyMCUyMCUyMCUyMCUyMCUyMCUyMCUyMCUyMCUyMCUyMCUyMCUyMCUyMCUyMCUyMCUyMCUyMCUyMHBsYXllcl9pZCUzQSUyMCUyN2hremF6dTg3JTI3JTJDJTIwJTBBJTIwJTIwJTIwJTIwJTIwJTIwJTIwJTIwJTIwJTIwJTIwJTIwJTIwJTIwJTIwJTIwJTIwJTIwJTIwJTIwJTIwJTIwJTIwJTIwbGl2ZXNvdXJjZV9pZCUzQSUyMCUyN2lyczYxMHlzJTI3JTBBJTIwJTIwJTIwJTIwJTIwJTIwJTIwJTIwJTIwJTIwJTIwJTIwJTIwJTIwJTIwJTIwJTdEJTI5JTNCJTBBJTIwJTIwJTIwJTIwJTIwJTIwJTIwJTIwJTdEJTI5JTI4JTI5JTNCJTBBJTNDJTJGc2NyaXB0JTNF[\/vc_raw_html][\/vc_column][\/vc_row][\/vc_section][vc_section][vc_row][vc_column][\/vc_column][\/vc_row][\/vc_section]<\/p>\n","protected":false},"author":1,"featured_media":0,"parent":0,"menu_order":0,"comment_status":"closed","ping_status":"closed","template":"","meta":{"footnotes":""},"class_list":["post-29234","page","type-page","status-publish","hentry"],"yoast_head":"<!-- This site is optimized with the Yoast SEO plugin v26.1 - https:\/\/yoast.com\/wordpress\/plugins\/seo\/ -->\n<title>Live-webcam Hahnenklee i Harzen: Vejr, sne og ren natur<\/title>\n<meta name=\"description\" content=\"Nyd den levende udsigt over Hahnenklee i Harzen! Med vores webcam kan du opleve vejret og landskabet i realtid. Planl\u00e6g din n\u00e6ste ferie nu.\" \/>\n<meta name=\"robots\" content=\"index, follow, max-snippet:-1, max-image-preview:large, max-video-preview:-1\" \/>\n<link rel=\"canonical\" href=\"https:\/\/hahnenklee-ferienchalets.de\/da\/webcam-harz\/\" \/>\n<meta property=\"og:locale\" content=\"da_DK\" \/>\n<meta property=\"og:type\" content=\"article\" \/>\n<meta property=\"og:title\" content=\"Live-webcam Hahnenklee i Harzen: Vejr, sne og ren natur\" \/>\n<meta property=\"og:description\" content=\"Nyd den levende udsigt over Hahnenklee i Harzen! Med vores webcam kan du opleve vejret og landskabet i realtid. Planl\u00e6g din n\u00e6ste ferie nu.\" \/>\n<meta property=\"og:url\" content=\"https:\/\/hahnenklee-ferienchalets.de\/da\/webcam-harz\/\" \/>\n<meta property=\"og:site_name\" content=\"Hahnenklee Ferienchalets\" \/>\n<meta property=\"article:modified_time\" content=\"2025-01-30T12:17:18+00:00\" \/>\n<meta name=\"twitter:card\" content=\"summary_large_image\" \/>\n<meta name=\"twitter:label1\" content=\"Estimeret l\u00e6setid\" \/>\n\t<meta name=\"twitter:data1\" content=\"2 minutter\" \/>\n<script type=\"application\/ld+json\" class=\"yoast-schema-graph\">{\"@context\":\"https:\/\/schema.org\",\"@graph\":[{\"@type\":\"WebPage\",\"@id\":\"https:\/\/hahnenklee-ferienchalets.de\/da\/webcam-harz\/\",\"url\":\"https:\/\/hahnenklee-ferienchalets.de\/da\/webcam-harz\/\",\"name\":\"Live-webcam Hahnenklee i Harzen: Vejr, sne og ren natur\",\"isPartOf\":{\"@id\":\"https:\/\/hahnenklee-ferienchalets.de\/da\/#website\"},\"datePublished\":\"2024-09-10T08:19:08+00:00\",\"dateModified\":\"2025-01-30T12:17:18+00:00\",\"description\":\"Nyd den levende udsigt over Hahnenklee i Harzen! Med vores webcam kan du opleve vejret og landskabet i realtid. Planl\u00e6g din n\u00e6ste ferie nu.\",\"breadcrumb\":{\"@id\":\"https:\/\/hahnenklee-ferienchalets.de\/da\/webcam-harz\/#breadcrumb\"},\"inLanguage\":\"da-DK\",\"potentialAction\":[{\"@type\":\"ReadAction\",\"target\":[\"https:\/\/hahnenklee-ferienchalets.de\/da\/webcam-harz\/\"]}]},{\"@type\":\"BreadcrumbList\",\"@id\":\"https:\/\/hahnenklee-ferienchalets.de\/da\/webcam-harz\/#breadcrumb\",\"itemListElement\":[{\"@type\":\"ListItem\",\"position\":1,\"name\":\"Startseite\",\"item\":\"https:\/\/hahnenklee-ferienchalets.de\/da\/ferieby\/\"},{\"@type\":\"ListItem\",\"position\":2,\"name\":\"Webcam harz\"}]},{\"@type\":\"WebSite\",\"@id\":\"https:\/\/hahnenklee-ferienchalets.de\/da\/#website\",\"url\":\"https:\/\/hahnenklee-ferienchalets.de\/da\/\",\"name\":\"Hahnenklee Ferienchalets\",\"description\":\"Resort\",\"potentialAction\":[{\"@type\":\"SearchAction\",\"target\":{\"@type\":\"EntryPoint\",\"urlTemplate\":\"https:\/\/hahnenklee-ferienchalets.de\/da\/?s={search_term_string}\"},\"query-input\":{\"@type\":\"PropertyValueSpecification\",\"valueRequired\":true,\"valueName\":\"search_term_string\"}}],\"inLanguage\":\"da-DK\"}]}<\/script>\n<!-- \/ Yoast SEO plugin. -->","yoast_head_json":{"title":"Live-webcam Hahnenklee i Harzen: Vejr, sne og ren natur","description":"Nyd den levende udsigt over Hahnenklee i Harzen! Med vores webcam kan du opleve vejret og landskabet i realtid. Planl\u00e6g din n\u00e6ste ferie nu.","robots":{"index":"index","follow":"follow","max-snippet":"max-snippet:-1","max-image-preview":"max-image-preview:large","max-video-preview":"max-video-preview:-1"},"canonical":"https:\/\/hahnenklee-ferienchalets.de\/da\/webcam-harz\/","og_locale":"da_DK","og_type":"article","og_title":"Live-webcam Hahnenklee i Harzen: Vejr, sne og ren natur","og_description":"Nyd den levende udsigt over Hahnenklee i Harzen! Med vores webcam kan du opleve vejret og landskabet i realtid. Planl\u00e6g din n\u00e6ste ferie nu.","og_url":"https:\/\/hahnenklee-ferienchalets.de\/da\/webcam-harz\/","og_site_name":"Hahnenklee Ferienchalets","article_modified_time":"2025-01-30T12:17:18+00:00","twitter_card":"summary_large_image","twitter_misc":{"Estimeret l\u00e6setid":"2 minutter"},"schema":{"@context":"https:\/\/schema.org","@graph":[{"@type":"WebPage","@id":"https:\/\/hahnenklee-ferienchalets.de\/da\/webcam-harz\/","url":"https:\/\/hahnenklee-ferienchalets.de\/da\/webcam-harz\/","name":"Live-webcam Hahnenklee i Harzen: Vejr, sne og ren natur","isPartOf":{"@id":"https:\/\/hahnenklee-ferienchalets.de\/da\/#website"},"datePublished":"2024-09-10T08:19:08+00:00","dateModified":"2025-01-30T12:17:18+00:00","description":"Nyd den levende udsigt over Hahnenklee i Harzen! Med vores webcam kan du opleve vejret og landskabet i realtid. Planl\u00e6g din n\u00e6ste ferie nu.","breadcrumb":{"@id":"https:\/\/hahnenklee-ferienchalets.de\/da\/webcam-harz\/#breadcrumb"},"inLanguage":"da-DK","potentialAction":[{"@type":"ReadAction","target":["https:\/\/hahnenklee-ferienchalets.de\/da\/webcam-harz\/"]}]},{"@type":"BreadcrumbList","@id":"https:\/\/hahnenklee-ferienchalets.de\/da\/webcam-harz\/#breadcrumb","itemListElement":[{"@type":"ListItem","position":1,"name":"Startseite","item":"https:\/\/hahnenklee-ferienchalets.de\/da\/ferieby\/"},{"@type":"ListItem","position":2,"name":"Webcam harz"}]},{"@type":"WebSite","@id":"https:\/\/hahnenklee-ferienchalets.de\/da\/#website","url":"https:\/\/hahnenklee-ferienchalets.de\/da\/","name":"Hahnenklee Ferienchalets","description":"Resort","potentialAction":[{"@type":"SearchAction","target":{"@type":"EntryPoint","urlTemplate":"https:\/\/hahnenklee-ferienchalets.de\/da\/?s={search_term_string}"},"query-input":{"@type":"PropertyValueSpecification","valueRequired":true,"valueName":"search_term_string"}}],"inLanguage":"da-DK"}]}},"_links":{"self":[{"href":"https:\/\/hahnenklee-ferienchalets.de\/da\/wp-json\/wp\/v2\/pages\/29234","targetHints":{"allow":["GET"]}}],"collection":[{"href":"https:\/\/hahnenklee-ferienchalets.de\/da\/wp-json\/wp\/v2\/pages"}],"about":[{"href":"https:\/\/hahnenklee-ferienchalets.de\/da\/wp-json\/wp\/v2\/types\/page"}],"author":[{"embeddable":true,"href":"https:\/\/hahnenklee-ferienchalets.de\/da\/wp-json\/wp\/v2\/users\/1"}],"replies":[{"embeddable":true,"href":"https:\/\/hahnenklee-ferienchalets.de\/da\/wp-json\/wp\/v2\/comments?post=29234"}],"version-history":[{"count":2,"href":"https:\/\/hahnenklee-ferienchalets.de\/da\/wp-json\/wp\/v2\/pages\/29234\/revisions"}],"predecessor-version":[{"id":29236,"href":"https:\/\/hahnenklee-ferienchalets.de\/da\/wp-json\/wp\/v2\/pages\/29234\/revisions\/29236"}],"wp:attachment":[{"href":"https:\/\/hahnenklee-ferienchalets.de\/da\/wp-json\/wp\/v2\/media?parent=29234"}],"curies":[{"name":"wp","href":"https:\/\/api.w.org\/{rel}","templated":true}]}}