{"id":5292,"date":"2018-04-16T18:22:47","date_gmt":"2018-04-16T18:22:47","guid":{"rendered":"https:\/\/hahnenklee-ferienchalets.de\/kontakt-os\/"},"modified":"2024-03-12T10:27:45","modified_gmt":"2024-03-12T10:27:45","slug":"kontakt-os","status":"publish","type":"page","link":"https:\/\/hahnenklee-ferienchalets.de\/da\/kontakt-os\/","title":{"rendered":"Kontakt os"},"content":{"rendered":"<div class=\"wpb-content-wrapper\"><p>[vc_section css=&#8221;.vc_custom_1689703736478{margin-top: -40px !important;padding-bottom: 0px !important;}&#8221; el_name=&#8221;Padding Bottom 0px&#8221;][vc_row][vc_column width=&#8221;1\/2&#8243; effect=&#8221;none&#8221;]<div class=\"wpb_content_element \"><style type=\"text\/css\">#ut_header_69e4d9fd8e123 h1.section-title, #ut_header_69e4d9fd8e123 h1.section-title span { color:#832121; }#ut_header_69e4d9fd8e123 h1.section-title { font-size:30px !important;letter-spacing:-0.02em; }@media (min-width: 1025px) and (max-width: 1679px) {#ut_header_69e4d9fd8e123 h1.section-title { letter-spacing:-0.02em; }}@media (min-width: 768px) and (max-width: 1024px) {#ut_header_69e4d9fd8e123 h1.section-title { letter-spacing:-0.02em; }}@media (max-width: 767px) {#ut_header_69e4d9fd8e123 h1.section-title { letter-spacing:-0.02em; }}<\/style><header id=\"ut_header_69e4d9fd8e123\" class=\"section-header  ut-no-title-linebreak-mobile ut-no-lead-linebreak-mobile pt-style-7 header-left header-tablet-left header-mobile-center\"><h1 data-title=\"KONTAKT\"  data-responsive-font=\"section_title\" data-responsive-font-settings=\"{&quot;base-font-size&quot;:&quot;30&quot;,&quot;font-size&quot;:{&quot;desktop_large&quot;:&quot;30&quot;},&quot;base-line-height&quot;:&quot;global&quot;,&quot;base-letter-spacing&quot;:&quot;-0.02&quot;,&quot;letter-spacing&quot;:{&quot;desktop_large&quot;:&quot;-0.02&quot;}}\" class=\"section-title  \"><span>KONTAKT<\/span><\/h1><\/header><\/div><div class=\"wpb_content_element \"><style class=\"bklyn-inline-styles\" type=\"text\/css\">#ut_fl_69e4d9fd946c0946003643.bklyn-fancy-list { font-size: 16px !important; }#ut_fl_69e4d9fd946c0946003643.bklyn-fancy-list { line-height: 32px !important; }#ut_fl_69e4d9fd946c0946003643.bklyn-fancy-list li .fa { font-size: 20px; }#ut_fl_69e4d9fd946c0946003643 .fa { color: #832121; }#ut_fl_69e4d9fd946c0946003643 a .fa { color: #832121; }#ut_fl_69e4d9fd946c0946003643 a:visited .fa { color: #832121; }#ut_fl_69e4d9fd946c0946003643 { color: #575655; }#ut_fl_69e4d9fd946c0946003643 a { color: #575655; }#ut_fl_69e4d9fd946c0946003643 a:visited { color: #575655; }#ut_fl_69e4d9fd946c0946003643 a:hover .fa { color: #5f1616; }#ut_fl_69e4d9fd946c0946003643 a:focus .fa { color: #5f1616; }#ut_fl_69e4d9fd946c0946003643 a:active .fa { color: #5f1616; }#ut_fl_69e4d9fd946c0946003643 a:hover { color: #575655; }#ut_fl_69e4d9fd946c0946003643 a:focus { color: #575655; }#ut_fl_69e4d9fd946c0946003643 a:active { color: #575655; }<\/style><div id=\"ut_fl_69e4d9fd946c0946003643\" class=\"bklyn-fancy-list  bklyn-fancy-list-left bklyn-fancy-list-tablet-left bklyn-fancy-list-mobile-center\"><ul class=\"bklyn-list bklyn-list-style-none\" data-appear-top-offset=\"almost\"><li class=\"bklyn-list-item-space-xsmall bklyn-fancy-list-item-has-icon bklyn-fancy-list-item-has-icon-center\"><i class=\"fa fa-map-marker\"><\/i><div class=\"bklyn-fancy-list-content\"><span><b>Feriendorf Hahnenklee-Bockswiese<\/b><\/span><\/div><\/a><\/li><li class=\"bklyn-list-item-space-xsmall bklyn-fancy-list-item-has-icon bklyn-fancy-list-item-has-icon-center\"><i class=\"fa fa-map-marker\"><\/i><div class=\"bklyn-fancy-list-content\"><span><b>Birkenweg 5-7 | 38644 Hahnenklee-Bockswiese<\/b><\/span><\/div><\/a><\/li><li class=\"bklyn-list-item-space-xsmall bklyn-fancy-list-item-has-icon bklyn-fancy-list-item-has-icon-center\"><i class=\"fa fa-phone\"><\/i><div class=\"bklyn-fancy-list-content\"><span><b>(+49) 5323 99491 50<\/b><\/span><\/div><\/a><\/li><li class=\"bklyn-list-item-space-xsmall bklyn-fancy-list-item-has-icon bklyn-fancy-list-item-has-icon-center\"><a title=\"\" href=\"mailto:info@hahnenklee-ferienchalets.de\" target=\"_self\" ><i class=\"fa fa-envelope-o\"><\/i><div class=\"bklyn-fancy-list-content\"><span><b>info@hahnenklee-ferienchalets.de<\/b><\/span><\/div><\/a><\/li><li class=\"bklyn-list-item-space-xsmall bklyn-fancy-list-item-has-icon bklyn-fancy-list-item-has-icon-center\"><a title=\"\" href=\"mailto:presse@hahnenklee-ferienchalets.de\" target=\"_self\" ><i class=\"fa fa-newspaper-o\"><\/i><div class=\"bklyn-fancy-list-content\"><span><b>presse@hahnenklee-ferienchalets.de<\/b><\/span><\/div><\/a><\/li><li class=\"bklyn-list-item-space-xsmall bklyn-fancy-list-item-has-icon bklyn-fancy-list-item-has-icon-center\"><a title=\"\" href=\"mailto:reservierung@hahnenklee-ferienchalets.de\" target=\"_self\" ><i class=\"fa fa-bed\"><\/i><div class=\"bklyn-fancy-list-content\"><span><b>reservierung@hahnenklee-ferienchalets.de<\/b><\/span><\/div><\/a><\/li><\/ul><\/div><\/div>[vc_column_text]<strong>Er du interesseret i at k\u00f8be en feriehytte?<\/strong><br \/>\nDer er i \u00f8jeblikket feriehytter til salg i Hahnenklee-Bockswiese. For yderligere information, kontakt venligst Claus-Dieter Stoldt p\u00e5 cdstoldt@glc-group.com eller +49 (40) 854006 77.[\/vc_column_text]<style type=\"text\/css\">#ut_custom_heading69e4d9fd94833 { font-size:18px !important; }#ut_custom_heading69e4d9fd94833 { text-align:left; }@media (min-width: 768px) and (max-width: 1024px) { #ut_custom_heading69e4d9fd94833 { text-align:left; } }@media (max-width: 767px) { #ut_custom_heading69e4d9fd94833 { text-align:left; } }<\/style><h3 id=\"ut_custom_heading69e4d9fd94833\" data-responsive-font=\"h3\" data-responsive-font-settings=\"{&quot;base-font-size&quot;:&quot;18&quot;,&quot;font-size&quot;:{&quot;desktop_large&quot;:&quot;18&quot;},&quot;base-line-height&quot;:&quot;global&quot;,&quot;base-letter-spacing&quot;:&quot;global&quot;}\" class=\"ut-custom-heading-module  \" ><span class=\"\" >F\u00f8lg os i fremtiden:<\/span><\/h3><div class=\"wpb_content_element \"><style class=\"bklyn-inline-styles\" type=\"text\/css\">#ut_sf_69e4d9fd948ce li a i { color: #832121; }#ut_sf_69e4d9fd948ce li a:hover i { color: #5f1616; }#ut_sf_69e4d9fd948ce li a:focus i { color: #5f1616; }#ut_sf_69e4d9fd948ce { font-size: 30px; }<\/style><ul id=\"ut_sf_69e4d9fd948ce\" class=\"ut-social-follow-module  ut-social-follow-module-left ut-social-follow-module-tablet-left ut-social-follow-module-mobile-center ut-social-follow-module-40 Pixel\" data-settings=\"{&quot;animate&quot;:false,&quot;effect&quot;:&quot;&quot;,&quot;delay_animation&quot;:false,&quot;global_delay_animation&quot;:false,&quot;delay_timer&quot;:100,&quot;global_delay_timer&quot;:100}\"><li  class=\"ut-social-follow-0 ut-social-follow-icon-only \"><a class=\"ut-social-follow-link\" title=\"\" href=\"https:\/\/www.facebook.com\/chaletshahnenklee\/\" area-label=\"\" target=\"_self\" ><i class=\"fa fa-facebook\"><\/i><\/a><\/li><li  class=\"ut-social-follow-1 ut-social-follow-icon-only \"><a class=\"ut-social-follow-link\" title=\"\" href=\"http:\/\/hahnenklee_chalets\" area-label=\"\" target=\"_blank\" ><i class=\"fa fa-instagram\"><\/i><\/a><\/li><\/ul><\/div>[\/vc_column][vc_column width=&#8221;1\/2&#8243;]<style type=\"text\/css\">#ut_cf7_colors_69e4d9fd94932 .wpcf7-form input[type=\"submit\"] { color:#ffffff !important; }#ut_cf7_colors_69e4d9fd94932 .wpcf7-form input[type=\"submit\"]:hover { color:#ffffff !important; }#ut_cf7_colors_69e4d9fd94932 .wpcf7-form input[type=\"submit\"] { background:#575655 !important; }#ut_cf7_colors_69e4d9fd94932 .wpcf7-form input[type=\"submit\"]:hover { background:#30302f !important; }<\/style><div id=\"ut_cf7_colors_69e4d9fd94932\" class=\"wpb_content_element ut-cf7-dark-skin \">\n<div class=\"wpcf7 no-js\" id=\"wpcf7-f5347-o1\" lang=\"da-DK\" dir=\"ltr\" data-wpcf7-id=\"5347\">\n<div class=\"screen-reader-response\"><p role=\"status\" aria-live=\"polite\" aria-atomic=\"true\"><\/p> <ul><\/ul><\/div>\n<form action=\"\/da\/wp-json\/wp\/v2\/pages\/5292#wpcf7-f5347-o1\" method=\"post\" class=\"wpcf7-form init\" aria-label=\"Kontaktformular\" novalidate=\"novalidate\" data-status=\"init\">\n<fieldset class=\"hidden-fields-container\"><input type=\"hidden\" name=\"_wpcf7\" value=\"5347\" \/><input type=\"hidden\" name=\"_wpcf7_version\" value=\"6.1.2\" \/><input type=\"hidden\" name=\"_wpcf7_locale\" value=\"da_DK\" \/><input type=\"hidden\" name=\"_wpcf7_unit_tag\" value=\"wpcf7-f5347-o1\" \/><input type=\"hidden\" name=\"_wpcf7_container_post\" value=\"0\" \/><input type=\"hidden\" name=\"_wpcf7_posted_data_hash\" value=\"\" \/>\n<\/fieldset>\n<p><label> Dit navn<br \/>\n<span class=\"wpcf7-form-control-wrap\" data-name=\"your-name\"><input size=\"40\" maxlength=\"400\" class=\"wpcf7-form-control wpcf7-text wpcf7-validates-as-required\" autocomplete=\"name\" aria-required=\"true\" aria-invalid=\"false\" value=\"\" type=\"text\" name=\"your-name\" \/><\/span> <\/label>\n<\/p>\n<p><label> Din e-mailadresse<br \/>\n<span class=\"wpcf7-form-control-wrap\" data-name=\"your-email\"><input size=\"40\" maxlength=\"400\" class=\"wpcf7-form-control wpcf7-email wpcf7-validates-as-required wpcf7-text wpcf7-validates-as-email\" autocomplete=\"email\" aria-required=\"true\" aria-invalid=\"false\" value=\"\" type=\"email\" name=\"your-email\" \/><\/span> <\/label>\n<\/p>\n<p><label> Emne<br \/>\n<span class=\"wpcf7-form-control-wrap\" data-name=\"your-subject\"><input size=\"40\" maxlength=\"400\" class=\"wpcf7-form-control wpcf7-text wpcf7-validates-as-required\" aria-required=\"true\" aria-invalid=\"false\" value=\"\" type=\"text\" name=\"your-subject\" \/><\/span> <\/label>\n<\/p>\n<p><label> Din besked (valgfri)<br \/>\n<span class=\"wpcf7-form-control-wrap\" data-name=\"your-message\"><textarea cols=\"40\" rows=\"10\" maxlength=\"2000\" class=\"wpcf7-form-control wpcf7-textarea\" aria-invalid=\"false\" name=\"your-message\"><\/textarea><\/span> <\/label>\n<\/p>\n<p><span class=\"wpcf7-form-control-wrap\" data-name=\"acceptance-762\"><span class=\"wpcf7-form-control wpcf7-acceptance\"><span class=\"wpcf7-list-item\"><label><input type=\"checkbox\" name=\"acceptance-762\" value=\"1\" aria-invalid=\"false\" \/><span class=\"wpcf7-list-item-label\">Jeg har taget privatlivspolitikken til efterretning. Jeg accepterer, at mine oplysninger og data indsamles og gemmes elektronisk for at besvare min foresp\u00f8rgsel.<\/span><\/label><\/span><\/span><\/span>\n<\/p>\n<p><input class=\"wpcf7-form-control wpcf7-submit has-spinner\" type=\"submit\" value=\"Senden\" \/>\n<\/p><div class=\"wpcf7-response-output\" aria-hidden=\"true\"><\/div>\n<\/form>\n<\/div>\n<\/div>[\/vc_column][\/vc_row][vc_row full_width=&#8221;stretch_row_content_no_spaces&#8221; el_name=&#8221;Margin Bottom 0px&#8221; css=&#8221;.vc_custom_1689704318099{margin-bottom: 20px !important;}&#8221;][vc_column][vc_gmaps link=&#8221;#E-8_JTNDaWZyYW1lJTIwc3JjJTNEJTIyaHR0cHMlM0ElMkYlMkZ3d3cuZ29vZ2xlLmNvbSUyRm1hcHMlMkZlbWJlZCUzRnBiJTNEJTIxMW0xOCUyMTFtMTIlMjExbTMlMjExZDI0NjQuNTAwNzMxODYxMDIyJTIxMmQxMC4zMzEwODQ5NzY4NTMwNDIlMjEzZDUxLjg1MTgxMzI4NTQ4NDQ1NCUyMTJtMyUyMTFmMCUyMTJmMCUyMTNmMCUyMTNtMiUyMTFpMTAyNCUyMTJpNzY4JTIxNGYxMy4xJTIxM20zJTIxMW0yJTIxMXMweDQ3YTUzOTE3MjU1ZTFmNWYlMjUzQTB4NTE0ZjhiMjE3NDIwM2I1NyUyMTJzQmlya2Vud2VnJTI1MjA1JTI1MkMlMjUyMDM4NjQ0JTI1MjBHb3NsYXIlMjE1ZTAlMjEzbTIlMjExc2RlJTIxMnNkZSUyMTR2MTY5Njc3NjEwMDkwMSUyMTVtMiUyMTFzZGUlMjEyc2RlJTIyJTIwd2lkdGglM0QlMjIxMjAwJTIyJTIwaGVpZ2h0JTNEJTIyNDUwJTIyJTIwc3R5bGUlM0QlMjJib3JkZXIlM0EwJTNCJTIyJTIwYWxsb3dmdWxsc2NyZWVuJTNEJTIyJTIyJTIwbG9hZGluZyUzRCUyMmxhenklMjIlMjByZWZlcnJlcnBvbGljeSUzRCUyMm5vLXJlZmVycmVyLXdoZW4tZG93bmdyYWRlJTIyJTNFJTNDJTJGaWZyYW1lJTNF&#8221; css_animation=&#8221;fadeIn&#8221;][\/vc_column][\/vc_row][\/vc_section]<\/p>\n<\/div>","protected":false},"excerpt":{"rendered":"<p>[vc_section css=&#8221;.vc_custom_1689703736478{margin-top: -40px !important;padding-bottom: 0px !important;}&#8221; el_name=&#8221;Padding Bottom 0px&#8221;][vc_row][vc_column width=&#8221;1\/2&#8243; effect=&#8221;none&#8221;][vc_column_text]Er du interesseret i at k\u00f8be en feriehytte? Der er i \u00f8jeblikket feriehytter til salg i Hahnenklee-Bockswiese. For yderligere information, kontakt venligst Claus-Dieter Stoldt p\u00e5 cdstoldt@glc-group.com eller +49 (40) 854006 77.[\/vc_column_text][\/vc_column][vc_column width=&#8221;1\/2&#8243;][\/vc_column][\/vc_row][vc_row full_width=&#8221;stretch_row_content_no_spaces&#8221; el_name=&#8221;Margin Bottom 0px&#8221; css=&#8221;.vc_custom_1689704318099{margin-bottom: 20px !important;}&#8221;][vc_column][vc_gmaps link=&#8221;#E-8_JTNDaWZyYW1lJTIwc3JjJTNEJTIyaHR0cHMlM0ElMkYlMkZ3d3cuZ29vZ2xlLmNvbSUyRm1hcHMlMkZlbWJlZCUzRnBiJTNEJTIxMW0xOCUyMTFtMTIlMjExbTMlMjExZDI0NjQuNTAwNzMxODYxMDIyJTIxMmQxMC4zMzEwODQ5NzY4NTMwNDIlMjEzZDUxLjg1MTgxMzI4NTQ4NDQ1NCUyMTJtMyUyMTFmMCUyMTJmMCUyMTNmMCUyMTNtMiUyMTFpMTAyNCUyMTJpNzY4JTIxNGYxMy4xJTIxM20zJTIxMW0yJTIxMXMweDQ3YTUzOTE3MjU1ZTFmNWYlMjUzQTB4NTE0ZjhiMjE3NDIwM2I1NyUyMTJzQmlya2Vud2VnJTI1MjA1JTI1MkMlMjUyMDM4NjQ0JTI1MjBHb3NsYXIlMjE1ZTAlMjEzbTIlMjExc2RlJTIxMnNkZSUyMTR2MTY5Njc3NjEwMDkwMSUyMTVtMiUyMTFzZGUlMjEyc2RlJTIyJTIwd2lkdGglM0QlMjIxMjAwJTIyJTIwaGVpZ2h0JTNEJTIyNDUwJTIyJTIwc3R5bGUlM0QlMjJib3JkZXIlM0EwJTNCJTIyJTIwYWxsb3dmdWxsc2NyZWVuJTNEJTIyJTIyJTIwbG9hZGluZyUzRCUyMmxhenklMjIlMjByZWZlcnJlcnBvbGljeSUzRCUyMm5vLXJlZmVycmVyLXdoZW4tZG93bmdyYWRlJTIyJTNFJTNDJTJGaWZyYW1lJTNF&#8221; css_animation=&#8221;fadeIn&#8221;][\/vc_column][\/vc_row][\/vc_section]<\/p>\n","protected":false},"author":2,"featured_media":0,"parent":0,"menu_order":0,"comment_status":"closed","ping_status":"closed","template":"","meta":{"footnotes":""},"class_list":["post-5292","page","type-page","status-publish","hentry"],"yoast_head":"<!-- This site is optimized with the Yoast SEO plugin v26.1 - https:\/\/yoast.com\/wordpress\/plugins\/seo\/ -->\n<title>Kontakt os - Hahnenklee Ferienchalets<\/title>\n<meta name=\"description\" content=\"Tag kontakt til os! Dit feriehus i Harzen med sauna venter p\u00e5 dig. Har du sp\u00f8rgsm\u00e5l eller s\u00e6rlige \u00f8nsker? Vi er her for at hj\u00e6lpe dig. Tag kontakt til os!\" \/>\n<meta name=\"robots\" content=\"index, follow, max-snippet:-1, max-image-preview:large, max-video-preview:-1\" \/>\n<link rel=\"canonical\" href=\"https:\/\/hahnenklee-ferienchalets.de\/da\/kontakt-os\/\" \/>\n<meta property=\"og:locale\" content=\"da_DK\" \/>\n<meta property=\"og:type\" content=\"article\" \/>\n<meta property=\"og:title\" content=\"Kontakt os - Hahnenklee Ferienchalets\" \/>\n<meta property=\"og:description\" content=\"Tag kontakt til os! Dit feriehus i Harzen med sauna venter p\u00e5 dig. Har du sp\u00f8rgsm\u00e5l eller s\u00e6rlige \u00f8nsker? Vi er her for at hj\u00e6lpe dig. Tag kontakt til os!\" \/>\n<meta property=\"og:url\" content=\"https:\/\/hahnenklee-ferienchalets.de\/da\/kontakt-os\/\" \/>\n<meta property=\"og:site_name\" content=\"Hahnenklee Ferienchalets\" \/>\n<meta property=\"article:modified_time\" content=\"2024-03-12T10:27:45+00:00\" \/>\n<meta name=\"twitter:card\" content=\"summary_large_image\" \/>\n<meta name=\"twitter:label1\" content=\"Estimeret l\u00e6setid\" \/>\n\t<meta name=\"twitter:data1\" content=\"3 minutter\" \/>\n<script type=\"application\/ld+json\" class=\"yoast-schema-graph\">{\"@context\":\"https:\/\/schema.org\",\"@graph\":[{\"@type\":\"WebPage\",\"@id\":\"https:\/\/hahnenklee-ferienchalets.de\/da\/kontakt-os\/\",\"url\":\"https:\/\/hahnenklee-ferienchalets.de\/da\/kontakt-os\/\",\"name\":\"Kontakt os - Hahnenklee Ferienchalets\",\"isPartOf\":{\"@id\":\"https:\/\/hahnenklee-ferienchalets.de\/da\/#website\"},\"datePublished\":\"2018-04-16T18:22:47+00:00\",\"dateModified\":\"2024-03-12T10:27:45+00:00\",\"description\":\"Tag kontakt til os! Dit feriehus i Harzen med sauna venter p\u00e5 dig. Har du sp\u00f8rgsm\u00e5l eller s\u00e6rlige \u00f8nsker? Vi er her for at hj\u00e6lpe dig. Tag kontakt til os!\",\"breadcrumb\":{\"@id\":\"https:\/\/hahnenklee-ferienchalets.de\/da\/kontakt-os\/#breadcrumb\"},\"inLanguage\":\"da-DK\",\"potentialAction\":[{\"@type\":\"ReadAction\",\"target\":[\"https:\/\/hahnenklee-ferienchalets.de\/da\/kontakt-os\/\"]}]},{\"@type\":\"BreadcrumbList\",\"@id\":\"https:\/\/hahnenklee-ferienchalets.de\/da\/kontakt-os\/#breadcrumb\",\"itemListElement\":[{\"@type\":\"ListItem\",\"position\":1,\"name\":\"Startseite\",\"item\":\"https:\/\/hahnenklee-ferienchalets.de\/da\/ferieby\/\"},{\"@type\":\"ListItem\",\"position\":2,\"name\":\"Kontakt os\"}]},{\"@type\":\"WebSite\",\"@id\":\"https:\/\/hahnenklee-ferienchalets.de\/da\/#website\",\"url\":\"https:\/\/hahnenklee-ferienchalets.de\/da\/\",\"name\":\"Hahnenklee Ferienchalets\",\"description\":\"Resort\",\"potentialAction\":[{\"@type\":\"SearchAction\",\"target\":{\"@type\":\"EntryPoint\",\"urlTemplate\":\"https:\/\/hahnenklee-ferienchalets.de\/da\/?s={search_term_string}\"},\"query-input\":{\"@type\":\"PropertyValueSpecification\",\"valueRequired\":true,\"valueName\":\"search_term_string\"}}],\"inLanguage\":\"da-DK\"}]}<\/script>\n<!-- \/ Yoast SEO plugin. -->","yoast_head_json":{"title":"Kontakt os - Hahnenklee Ferienchalets","description":"Tag kontakt til os! Dit feriehus i Harzen med sauna venter p\u00e5 dig. Har du sp\u00f8rgsm\u00e5l eller s\u00e6rlige \u00f8nsker? Vi er her for at hj\u00e6lpe dig. Tag kontakt til os!","robots":{"index":"index","follow":"follow","max-snippet":"max-snippet:-1","max-image-preview":"max-image-preview:large","max-video-preview":"max-video-preview:-1"},"canonical":"https:\/\/hahnenklee-ferienchalets.de\/da\/kontakt-os\/","og_locale":"da_DK","og_type":"article","og_title":"Kontakt os - Hahnenklee Ferienchalets","og_description":"Tag kontakt til os! Dit feriehus i Harzen med sauna venter p\u00e5 dig. Har du sp\u00f8rgsm\u00e5l eller s\u00e6rlige \u00f8nsker? Vi er her for at hj\u00e6lpe dig. Tag kontakt til os!","og_url":"https:\/\/hahnenklee-ferienchalets.de\/da\/kontakt-os\/","og_site_name":"Hahnenklee Ferienchalets","article_modified_time":"2024-03-12T10:27:45+00:00","twitter_card":"summary_large_image","twitter_misc":{"Estimeret l\u00e6setid":"3 minutter"},"schema":{"@context":"https:\/\/schema.org","@graph":[{"@type":"WebPage","@id":"https:\/\/hahnenklee-ferienchalets.de\/da\/kontakt-os\/","url":"https:\/\/hahnenklee-ferienchalets.de\/da\/kontakt-os\/","name":"Kontakt os - Hahnenklee Ferienchalets","isPartOf":{"@id":"https:\/\/hahnenklee-ferienchalets.de\/da\/#website"},"datePublished":"2018-04-16T18:22:47+00:00","dateModified":"2024-03-12T10:27:45+00:00","description":"Tag kontakt til os! Dit feriehus i Harzen med sauna venter p\u00e5 dig. Har du sp\u00f8rgsm\u00e5l eller s\u00e6rlige \u00f8nsker? Vi er her for at hj\u00e6lpe dig. Tag kontakt til os!","breadcrumb":{"@id":"https:\/\/hahnenklee-ferienchalets.de\/da\/kontakt-os\/#breadcrumb"},"inLanguage":"da-DK","potentialAction":[{"@type":"ReadAction","target":["https:\/\/hahnenklee-ferienchalets.de\/da\/kontakt-os\/"]}]},{"@type":"BreadcrumbList","@id":"https:\/\/hahnenklee-ferienchalets.de\/da\/kontakt-os\/#breadcrumb","itemListElement":[{"@type":"ListItem","position":1,"name":"Startseite","item":"https:\/\/hahnenklee-ferienchalets.de\/da\/ferieby\/"},{"@type":"ListItem","position":2,"name":"Kontakt os"}]},{"@type":"WebSite","@id":"https:\/\/hahnenklee-ferienchalets.de\/da\/#website","url":"https:\/\/hahnenklee-ferienchalets.de\/da\/","name":"Hahnenklee Ferienchalets","description":"Resort","potentialAction":[{"@type":"SearchAction","target":{"@type":"EntryPoint","urlTemplate":"https:\/\/hahnenklee-ferienchalets.de\/da\/?s={search_term_string}"},"query-input":{"@type":"PropertyValueSpecification","valueRequired":true,"valueName":"search_term_string"}}],"inLanguage":"da-DK"}]}},"_links":{"self":[{"href":"https:\/\/hahnenklee-ferienchalets.de\/da\/wp-json\/wp\/v2\/pages\/5292","targetHints":{"allow":["GET"]}}],"collection":[{"href":"https:\/\/hahnenklee-ferienchalets.de\/da\/wp-json\/wp\/v2\/pages"}],"about":[{"href":"https:\/\/hahnenklee-ferienchalets.de\/da\/wp-json\/wp\/v2\/types\/page"}],"author":[{"embeddable":true,"href":"https:\/\/hahnenklee-ferienchalets.de\/da\/wp-json\/wp\/v2\/users\/2"}],"replies":[{"embeddable":true,"href":"https:\/\/hahnenklee-ferienchalets.de\/da\/wp-json\/wp\/v2\/comments?post=5292"}],"version-history":[{"count":3,"href":"https:\/\/hahnenklee-ferienchalets.de\/da\/wp-json\/wp\/v2\/pages\/5292\/revisions"}],"predecessor-version":[{"id":5295,"href":"https:\/\/hahnenklee-ferienchalets.de\/da\/wp-json\/wp\/v2\/pages\/5292\/revisions\/5295"}],"wp:attachment":[{"href":"https:\/\/hahnenklee-ferienchalets.de\/da\/wp-json\/wp\/v2\/media?parent=5292"}],"curies":[{"name":"wp","href":"https:\/\/api.w.org\/{rel}","templated":true}]}}