{"id":5341,"date":"2023-10-08T15:06:09","date_gmt":"2023-10-08T15:06:09","guid":{"rendered":"https:\/\/hahnenklee-ferienchalets.de\/aftryk\/"},"modified":"2024-03-12T10:36:55","modified_gmt":"2024-03-12T10:36:55","slug":"aftryk","status":"publish","type":"page","link":"https:\/\/hahnenklee-ferienchalets.de\/da\/aftryk\/","title":{"rendered":"Aftryk"},"content":{"rendered":"<div class=\"wpb-content-wrapper\"><p>[vc_section css=&#8221;.vc_custom_1696777603973{margin-top: -50px !important;}&#8221;][vc_row][vc_column][vc_column_text]<\/p>\n<h2><strong>IMPRINT<\/strong><\/h2>\n<p>Ferieby Hahnenklee Bockswiese<br \/>\nHahnenklee feriehytter<br \/>\nBirkenweg 5-7<br \/>\n38644 Hahnenklee Bockswiese<\/p>\n<p><strong>Oplysninger i henhold til \u00a7 5 TMG:<\/strong><\/p>\n<p>AS Hahnenklee GmbH<br \/>\nRothenschlatt 2<br \/>\nD &#8211; 26203 Wardenburg<br \/>\n<a href=\"mailto:info@hahnenklee-ferienchalets.de\">info@hahnenklee-ferienchalets.de<\/a><br \/>\n<a href=\"http:\/\/www.hahnenklee-ferienchalets.de\/\">www.hahnenklee-ferienchalets.de<\/a><br \/>\nTelefon: +49 4407 4349680<\/p>\n<p><strong>Repr\u00e6senteret af:<\/strong><\/p>\n<p>Tim Staab, Bilen Aytan<br \/>\nAmtsretten i Oldenburg HRB 218060<br \/>\nMoms-ID nr. DE323294891<\/p>\n<p><strong>Ansvarlig for indhold i henhold til \u00a7 55 Abs. 2 RStV:<\/strong><\/p>\n<p>Administrerende direkt\u00f8rer: Tim Staab, Bilen Aytan<\/p>\n<p><strong>Koncept og realisering<\/strong><\/p>\n<p>GLC Gl\u00fccksburg Consulting AG<br \/>\nAlbert-Einstein-Ring 5<br \/>\n22761 Hamburg<br \/>\n<a href=\"http:\/\/www.glc-group.com\/\">www.glc-group.com<\/a><br \/>\n<u><\/u><\/p>\n<p><strong>BILLEDREFERENCE<\/strong><\/p>\n<p>De fotos, der bruges p\u00e5 denne hjemmeside, er fra:<\/p>\n<p>Tim Staab;<br \/>\n\u00a9bilanol &#8211; elements.envato.com; \u00a9fokkebok &#8211; elements.envato.com; \u00a9GalinkaZhi &#8211; elements.envato.com; \u00a9uraneva &#8211; elements.envato.com; \u00a9halfpoint &#8211; elements.envato.com; \u00a9Image-Source &#8211; elements.envato.com; \u00a9dolgachov &#8211; elements.envato.com; \u00a9naokawa &#8211; elements.envato.com; \u00a9RossHelen &#8211; elements.envato.com; \u00a9blende11.photo &#8211; adobe.stock.com; \u00a9Elly Miller &#8211; adobe.stock.com<\/p>\n<p>Videoen p\u00e5 hjemmesiden er lavet af Dirk Bartschat &#8211; Forfatter: Dirk Bartschat. Bes\u00f8g www.bartschat.fotograf.de for flere v\u00e6rker af forfatteren.<\/p>\n<p><strong style=\"color: #222222;\">JURIDISK INFORMATION<\/strong><\/p>\n<div class=\"wpb_text_column wpb_content_element \">\n<div class=\"wpb_wrapper\">\n<p><strong>Forklaring af sammenk\u00e6dning<\/strong><br \/>\nBuntenbock Invest Verwaltungs GmbH erkl\u00e6rer udtrykkeligt, at de linkede sider var fri for ulovligt indhold p\u00e5 det tidspunkt, hvor linkene blev oprettet. N\u00e5r der henvises til tredjepartswebsteder p\u00e5 vores websted, angives dette ved at angive internetadressen og eventuelt firmalogoet. Vi har ingen indflydelse p\u00e5 indholdet og udformningen af disse sider, hvilket betyder, at vi ikke kan garantere hverken det korrekte indhold af disse sider eller databeskyttelse, n\u00e5r disse sider tilg\u00e5s.<\/p>\n<p><strong>Ansvar for indhold<\/strong><br \/>\nIndholdet p\u00e5 internetsiderne er omhyggeligt kontrolleret og sammensat efter vores bedste viden. Der kan dog ikke gives nogen garanti for rigtigheden, fuldst\u00e6ndigheden, aktualiteten eller kvaliteten af de givne oplysninger.<\/p>\n<p>Ansvarskrav mod Buntenbock Invest Verwaltungs GmbH vedr\u00f8rende materielle eller immaterielle skader for\u00e5rsaget af brug eller manglende brug af de leverede oplysninger eller af brug af forkerte eller ufuldst\u00e6ndige oplysninger er grundl\u00e6ggende udelukket, medmindre der er bevis for fors\u00e6t eller grov uagtsomhed fra Buntenbock Invest Verwaltungs GmbH&#8217;s side. Bidrag m\u00e6rket med navn afspejler ikke n\u00f8dvendigvis udgiverens holdning.<\/p>\n<p><strong>Oplysninger om ophavsret<\/strong><br \/>\nBuntenbock Invest Verwaltungs GmbH bestr\u00e6ber sig p\u00e5 at overholde ophavsrettighederne til grafik, lyddokumenter, videosekvenser og tekster, der anvendes i alle publikationer, eller at anvende grafik, lyddokumenter, videosekvenser og tekster, som det selv har skabt, eller at anvende licensfri grafik, lyddokumenter, videosekvenser og tekster. Alle m\u00e6rker og varem\u00e6rker, der er n\u00e6vnt p\u00e5 hjemmesiden, og som muligvis er beskyttet af tredjeparter, er uden begr\u00e6nsning underlagt bestemmelserne i den g\u00e6ldende varem\u00e6rkelov og de respektive registrerede ejeres ejendomsrettigheder. Ophavsretten til offentliggjorte, selvskabte objekter forbliver udelukkende hos Buntenbock Invest Verwaltungs GmbH. Reproduktion eller brug af grafik, lyddokumenter, videosekvenser og tekster i andre elektroniske eller trykte publikationer er ikke tilladt uden udtrykkelig tilladelse.<\/p>\n<\/div>\n<\/div>\n<p>[\/vc_column_text][\/vc_column][\/vc_row][\/vc_section]<\/p>\n<\/div>","protected":false},"excerpt":{"rendered":"<p>[vc_section css=&#8221;.vc_custom_1696777603973{margin-top: -50px !important;}&#8221;][vc_row][vc_column][vc_column_text] IMPRINT Ferieby Hahnenklee Bockswiese Hahnenklee feriehytter Birkenweg 5-7 38644 Hahnenklee Bockswiese Oplysninger i henhold til \u00a7 5 TMG: AS Hahnenklee GmbH Rothenschlatt 2 D &#8211; 26203 Wardenburg info@hahnenklee-ferienchalets.de www.hahnenklee-ferienchalets.de Telefon: +49 4407 4349680 Repr\u00e6senteret af: Tim Staab, Bilen Aytan Amtsretten i Oldenburg HRB 218060 Moms-ID nr. DE323294891 Ansvarlig for indhold i [&hellip;]<\/p>\n","protected":false},"author":2,"featured_media":0,"parent":0,"menu_order":0,"comment_status":"closed","ping_status":"closed","template":"","meta":{"footnotes":""},"class_list":["post-5341","page","type-page","status-publish","hentry"],"yoast_head":"<!-- This site is optimized with the Yoast SEO plugin v26.1 - https:\/\/yoast.com\/wordpress\/plugins\/seo\/ -->\n<title>Aftryk - Hahnenklee Ferienchalets<\/title>\n<meta name=\"robots\" content=\"index, follow, max-snippet:-1, max-image-preview:large, max-video-preview:-1\" \/>\n<link rel=\"canonical\" href=\"https:\/\/hahnenklee-ferienchalets.de\/da\/aftryk\/\" \/>\n<meta property=\"og:locale\" content=\"da_DK\" \/>\n<meta property=\"og:type\" content=\"article\" \/>\n<meta property=\"og:title\" content=\"Aftryk - Hahnenklee Ferienchalets\" \/>\n<meta property=\"og:description\" content=\"[vc_section css=&#8221;.vc_custom_1696777603973{margin-top: -50px !important;}&#8221;][vc_row][vc_column][vc_column_text] IMPRINT Ferieby Hahnenklee Bockswiese Hahnenklee feriehytter Birkenweg 5-7 38644 Hahnenklee Bockswiese Oplysninger i henhold til \u00a7 5 TMG: AS Hahnenklee GmbH Rothenschlatt 2 D &#8211; 26203 Wardenburg info@hahnenklee-ferienchalets.de www.hahnenklee-ferienchalets.de Telefon: +49 4407 4349680 Repr\u00e6senteret af: Tim Staab, Bilen Aytan Amtsretten i Oldenburg HRB 218060 Moms-ID nr. DE323294891 Ansvarlig for indhold i [&hellip;]\" \/>\n<meta property=\"og:url\" content=\"https:\/\/hahnenklee-ferienchalets.de\/da\/aftryk\/\" \/>\n<meta property=\"og:site_name\" content=\"Hahnenklee Ferienchalets\" \/>\n<meta property=\"article:modified_time\" content=\"2024-03-12T10:36:55+00:00\" \/>\n<meta name=\"twitter:card\" content=\"summary_large_image\" \/>\n<meta name=\"twitter:label1\" content=\"Estimeret l\u00e6setid\" \/>\n\t<meta name=\"twitter:data1\" content=\"2 minutter\" \/>\n<script type=\"application\/ld+json\" class=\"yoast-schema-graph\">{\"@context\":\"https:\/\/schema.org\",\"@graph\":[{\"@type\":\"WebPage\",\"@id\":\"https:\/\/hahnenklee-ferienchalets.de\/da\/aftryk\/\",\"url\":\"https:\/\/hahnenklee-ferienchalets.de\/da\/aftryk\/\",\"name\":\"Aftryk - Hahnenklee Ferienchalets\",\"isPartOf\":{\"@id\":\"https:\/\/hahnenklee-ferienchalets.de\/da\/#website\"},\"datePublished\":\"2023-10-08T15:06:09+00:00\",\"dateModified\":\"2024-03-12T10:36:55+00:00\",\"breadcrumb\":{\"@id\":\"https:\/\/hahnenklee-ferienchalets.de\/da\/aftryk\/#breadcrumb\"},\"inLanguage\":\"da-DK\",\"potentialAction\":[{\"@type\":\"ReadAction\",\"target\":[\"https:\/\/hahnenklee-ferienchalets.de\/da\/aftryk\/\"]}]},{\"@type\":\"BreadcrumbList\",\"@id\":\"https:\/\/hahnenklee-ferienchalets.de\/da\/aftryk\/#breadcrumb\",\"itemListElement\":[{\"@type\":\"ListItem\",\"position\":1,\"name\":\"Startseite\",\"item\":\"https:\/\/hahnenklee-ferienchalets.de\/da\/ferieby\/\"},{\"@type\":\"ListItem\",\"position\":2,\"name\":\"Aftryk\"}]},{\"@type\":\"WebSite\",\"@id\":\"https:\/\/hahnenklee-ferienchalets.de\/da\/#website\",\"url\":\"https:\/\/hahnenklee-ferienchalets.de\/da\/\",\"name\":\"Hahnenklee Ferienchalets\",\"description\":\"Resort\",\"potentialAction\":[{\"@type\":\"SearchAction\",\"target\":{\"@type\":\"EntryPoint\",\"urlTemplate\":\"https:\/\/hahnenklee-ferienchalets.de\/da\/?s={search_term_string}\"},\"query-input\":{\"@type\":\"PropertyValueSpecification\",\"valueRequired\":true,\"valueName\":\"search_term_string\"}}],\"inLanguage\":\"da-DK\"}]}<\/script>\n<!-- \/ Yoast SEO plugin. -->","yoast_head_json":{"title":"Aftryk - Hahnenklee Ferienchalets","robots":{"index":"index","follow":"follow","max-snippet":"max-snippet:-1","max-image-preview":"max-image-preview:large","max-video-preview":"max-video-preview:-1"},"canonical":"https:\/\/hahnenklee-ferienchalets.de\/da\/aftryk\/","og_locale":"da_DK","og_type":"article","og_title":"Aftryk - Hahnenklee Ferienchalets","og_description":"[vc_section css=&#8221;.vc_custom_1696777603973{margin-top: -50px !important;}&#8221;][vc_row][vc_column][vc_column_text] IMPRINT Ferieby Hahnenklee Bockswiese Hahnenklee feriehytter Birkenweg 5-7 38644 Hahnenklee Bockswiese Oplysninger i henhold til \u00a7 5 TMG: AS Hahnenklee GmbH Rothenschlatt 2 D &#8211; 26203 Wardenburg info@hahnenklee-ferienchalets.de www.hahnenklee-ferienchalets.de Telefon: +49 4407 4349680 Repr\u00e6senteret af: Tim Staab, Bilen Aytan Amtsretten i Oldenburg HRB 218060 Moms-ID nr. DE323294891 Ansvarlig for indhold i [&hellip;]","og_url":"https:\/\/hahnenklee-ferienchalets.de\/da\/aftryk\/","og_site_name":"Hahnenklee Ferienchalets","article_modified_time":"2024-03-12T10:36:55+00:00","twitter_card":"summary_large_image","twitter_misc":{"Estimeret l\u00e6setid":"2 minutter"},"schema":{"@context":"https:\/\/schema.org","@graph":[{"@type":"WebPage","@id":"https:\/\/hahnenklee-ferienchalets.de\/da\/aftryk\/","url":"https:\/\/hahnenklee-ferienchalets.de\/da\/aftryk\/","name":"Aftryk - Hahnenklee Ferienchalets","isPartOf":{"@id":"https:\/\/hahnenklee-ferienchalets.de\/da\/#website"},"datePublished":"2023-10-08T15:06:09+00:00","dateModified":"2024-03-12T10:36:55+00:00","breadcrumb":{"@id":"https:\/\/hahnenklee-ferienchalets.de\/da\/aftryk\/#breadcrumb"},"inLanguage":"da-DK","potentialAction":[{"@type":"ReadAction","target":["https:\/\/hahnenklee-ferienchalets.de\/da\/aftryk\/"]}]},{"@type":"BreadcrumbList","@id":"https:\/\/hahnenklee-ferienchalets.de\/da\/aftryk\/#breadcrumb","itemListElement":[{"@type":"ListItem","position":1,"name":"Startseite","item":"https:\/\/hahnenklee-ferienchalets.de\/da\/ferieby\/"},{"@type":"ListItem","position":2,"name":"Aftryk"}]},{"@type":"WebSite","@id":"https:\/\/hahnenklee-ferienchalets.de\/da\/#website","url":"https:\/\/hahnenklee-ferienchalets.de\/da\/","name":"Hahnenklee Ferienchalets","description":"Resort","potentialAction":[{"@type":"SearchAction","target":{"@type":"EntryPoint","urlTemplate":"https:\/\/hahnenklee-ferienchalets.de\/da\/?s={search_term_string}"},"query-input":{"@type":"PropertyValueSpecification","valueRequired":true,"valueName":"search_term_string"}}],"inLanguage":"da-DK"}]}},"_links":{"self":[{"href":"https:\/\/hahnenklee-ferienchalets.de\/da\/wp-json\/wp\/v2\/pages\/5341","targetHints":{"allow":["GET"]}}],"collection":[{"href":"https:\/\/hahnenklee-ferienchalets.de\/da\/wp-json\/wp\/v2\/pages"}],"about":[{"href":"https:\/\/hahnenklee-ferienchalets.de\/da\/wp-json\/wp\/v2\/types\/page"}],"author":[{"embeddable":true,"href":"https:\/\/hahnenklee-ferienchalets.de\/da\/wp-json\/wp\/v2\/users\/2"}],"replies":[{"embeddable":true,"href":"https:\/\/hahnenklee-ferienchalets.de\/da\/wp-json\/wp\/v2\/comments?post=5341"}],"version-history":[{"count":1,"href":"https:\/\/hahnenklee-ferienchalets.de\/da\/wp-json\/wp\/v2\/pages\/5341\/revisions"}],"predecessor-version":[{"id":5348,"href":"https:\/\/hahnenklee-ferienchalets.de\/da\/wp-json\/wp\/v2\/pages\/5341\/revisions\/5348"}],"wp:attachment":[{"href":"https:\/\/hahnenklee-ferienchalets.de\/da\/wp-json\/wp\/v2\/media?parent=5341"}],"curies":[{"name":"wp","href":"https:\/\/api.w.org\/{rel}","templated":true}]}}