{"id":5394,"date":"2023-10-08T17:58:31","date_gmt":"2023-10-08T17:58:31","guid":{"rendered":"https:\/\/hahnenklee-ferienchalets.de\/forespoergselsformular\/"},"modified":"2025-01-30T10:51:54","modified_gmt":"2025-01-30T10:51:54","slug":"forespoergselsformular","status":"publish","type":"page","link":"https:\/\/hahnenklee-ferienchalets.de\/da\/forespoergselsformular\/","title":{"rendered":"Foresp\u00f8rgselsformular"},"content":{"rendered":"<div class=\"wpb-content-wrapper\"><p>[vc_section css=&#8221;.vc_custom_1696788029617{margin-top: -50px !important;}&#8221;][vc_row][vc_column width=&#8221;1\/3&#8243;]<div class=\"wpb_content_element \"><style type=\"text\/css\">#ut_header_69dfdbf551177 h1.page-title { font-size:30px !important; }<\/style><header id=\"ut_header_69dfdbf551177\" class=\"page-header page-title-module  ut-no-title-linebreak-mobile ut-no-lead-linebreak-mobile pt-style-7 header-left header-tablet-left header-mobile-left\"><h1 data-title=\"UFORPLIGTENDE FORESP\u00d8RGSEL\"  data-responsive-font=\"page_title\" data-responsive-font-settings=\"{&quot;base-font-size&quot;:&quot;global&quot;,&quot;font-size&quot;:{&quot;desktop_large&quot;:&quot;30&quot;},&quot;base-line-height&quot;:&quot;global&quot;,&quot;base-letter-spacing&quot;:&quot;global&quot;}\" class=\"page-title  \"><span>UFORPLIGTENDE FORESP\u00d8RGSEL<\/span><\/h1><\/header><\/div>[vc_column_text]Tak for din interesse i et ophold i vores feriehytter i Harzen.<\/p>\n<p><strong>Vi forventer at \u00e5bne vores ferieby i begyndelsen af september 2024.  <\/strong>Vi er glade for at modtage din uforpligtende foresp\u00f8rgsel p\u00e5 forh\u00e5nd via telefon eller via reservationsformularen. Vi kontakter dig s\u00e5 hurtigt som muligt.<\/p>\n<p>Vores hjemmeside er i \u00f8jeblikket under opbygning. I fremtiden vil du kunne bruge vores online bookingformular til at foretage en hurtig reservation af dit ophold.<\/p>\n<p>Du er altid velkommen til at ringe til os p\u00e5: (+49) 5323 99491 50 for at h\u00f8re om den aktuelle status for byggefasen.[\/vc_column_text]<div class=\"wpb_content_element \"><style class=\"bklyn-inline-styles\" type=\"text\/css\">#ut_fl_69dfdbf557eb2931702115.bklyn-fancy-list { font-size: 15px !important; }#ut_fl_69dfdbf557eb2931702115.bklyn-fancy-list { line-height: 30px !important; }#ut_fl_69dfdbf557eb2931702115 .fa { color: #832121; }#ut_fl_69dfdbf557eb2931702115 a .fa { color: #832121; }#ut_fl_69dfdbf557eb2931702115 a:visited .fa { color: #832121; }#ut_fl_69dfdbf557eb2931702115 { color: #575655; }#ut_fl_69dfdbf557eb2931702115 a { color: #575655; }#ut_fl_69dfdbf557eb2931702115 a:visited { color: #575655; }#ut_fl_69dfdbf557eb2931702115 a:hover .fa { color: #5f1616; }#ut_fl_69dfdbf557eb2931702115 a:focus .fa { color: #5f1616; }#ut_fl_69dfdbf557eb2931702115 a:active .fa { color: #5f1616; }#ut_fl_69dfdbf557eb2931702115 a:hover { color: #575655; }#ut_fl_69dfdbf557eb2931702115 a:focus { color: #575655; }#ut_fl_69dfdbf557eb2931702115 a:active { color: #575655; }<\/style><div id=\"ut_fl_69dfdbf557eb2931702115\" class=\"bklyn-fancy-list  bklyn-fancy-list-left bklyn-fancy-list-tablet-left bklyn-fancy-list-mobile-left\"><ul class=\"bklyn-list bklyn-list-style-none\" data-appear-top-offset=\"almost\"><li class=\"bklyn-list-item-space-xsmall\"><span><b>Feriendorf Hahnenklee-Bockswiese<\/b><\/span><\/a><\/li><li class=\"bklyn-list-item-space-xsmall\"><span><b>Birkenweg 5-7, 38644 Hahnenklee-Bockswiese<\/b><\/span><\/a><\/li><li class=\"bklyn-list-item-space-xsmall\"><span><b>(+49) 5323 99491 50<\/b><\/span><\/a><\/li><li class=\"bklyn-list-item-space-xsmall\"><a title=\"\" href=\"http:\/\/info@hahnenklee-ferienchalets.de\" target=\"_self\" ><span><b>info@hahnenklee-ferienchalets.de<\/b><\/span><\/a><\/li><\/ul><\/div><\/div>[\/vc_column][vc_column width=&#8221;2\/3&#8243;]<div id=\"ut_cf7_colors_69dfdbf557fe1\" class=\"wpb_content_element ut-cf7-dark-skin \">\n<div class=\"wpcf7 no-js\" id=\"wpcf7-f5383-o1\" lang=\"da-DK\" dir=\"ltr\" data-wpcf7-id=\"5383\">\n<div class=\"screen-reader-response\"><p role=\"status\" aria-live=\"polite\" aria-atomic=\"true\"><\/p> <ul><\/ul><\/div>\n<form action=\"\/da\/wp-json\/wp\/v2\/pages\/5394#wpcf7-f5383-o1\" method=\"post\" class=\"wpcf7-form init\" aria-label=\"Kontaktformular\" novalidate=\"novalidate\" data-status=\"init\">\n<fieldset class=\"hidden-fields-container\"><input type=\"hidden\" name=\"_wpcf7\" value=\"5383\" \/><input type=\"hidden\" name=\"_wpcf7_version\" value=\"6.1.2\" \/><input type=\"hidden\" name=\"_wpcf7_locale\" value=\"da_DK\" \/><input type=\"hidden\" name=\"_wpcf7_unit_tag\" value=\"wpcf7-f5383-o1\" \/><input type=\"hidden\" name=\"_wpcf7_container_post\" value=\"0\" \/><input type=\"hidden\" name=\"_wpcf7_posted_data_hash\" value=\"\" \/>\n<\/fieldset>\n<p><label> Dit navn (p\u00e5kr\u00e6vet)<br \/>\n<span class=\"wpcf7-form-control-wrap\" data-name=\"your-name\"><input size=\"40\" maxlength=\"400\" class=\"wpcf7-form-control wpcf7-text wpcf7-validates-as-required\" aria-required=\"true\" aria-invalid=\"false\" value=\"\" type=\"text\" name=\"your-name\" \/><\/span> <\/label>\n<\/p>\n<p><label> Din e-mailadresse (p\u00e5kr\u00e6vet)<br \/>\n<span class=\"wpcf7-form-control-wrap\" data-name=\"your-email\"><input size=\"40\" maxlength=\"400\" class=\"wpcf7-form-control wpcf7-email wpcf7-validates-as-required wpcf7-text wpcf7-validates-as-email\" aria-required=\"true\" aria-invalid=\"false\" value=\"\" type=\"email\" name=\"your-email\" \/><\/span> <\/label>\n<\/p>\n<p><label> Dit telefonnummer (p\u00e5kr\u00e6vet)<br \/>\n<span class=\"wpcf7-form-control-wrap\" data-name=\"tel-13\"><input size=\"40\" maxlength=\"400\" class=\"wpcf7-form-control wpcf7-tel wpcf7-text wpcf7-validates-as-tel\" aria-invalid=\"false\" value=\"\" type=\"tel\" name=\"tel-13\" \/><\/span> <\/label>\n<\/p>\n<p><label> Emne<br \/>\n<span class=\"wpcf7-form-control-wrap\" data-name=\"your-subject\"><input size=\"40\" maxlength=\"400\" class=\"wpcf7-form-control wpcf7-text\" aria-invalid=\"false\" value=\"\" type=\"text\" name=\"your-subject\" \/><\/span> <\/label>\n<\/p>\n<p><label> Dato for ankomst (p\u00e5kr\u00e6vet)<br \/>\n<span class=\"wpcf7-form-control-wrap\" data-name=\"date-167\"><input class=\"wpcf7-form-control wpcf7-date wpcf7-validates-as-required wpcf7-validates-as-date\" aria-required=\"true\" aria-invalid=\"false\" value=\"\" type=\"date\" name=\"date-167\" \/><\/span> <\/label>\n<\/p>\n<p><label> Afrejsedato (p\u00e5kr\u00e6vet)<br \/>\n<span class=\"wpcf7-form-control-wrap\" data-name=\"date-755\"><input class=\"wpcf7-form-control wpcf7-date wpcf7-validates-as-date\" aria-invalid=\"false\" value=\"\" type=\"date\" name=\"date-755\" \/><\/span> <\/label>\n<\/p>\n<p><label> Antal personer (p\u00e5kr\u00e6vet)<br \/>\n<span class=\"wpcf7-form-control-wrap\" data-name=\"number-361\"><input class=\"wpcf7-form-control wpcf7-number wpcf7-validates-as-number\" aria-invalid=\"false\" value=\"\" type=\"number\" name=\"number-361\" \/><\/span> <\/label>\n<\/p>\n<p><label> K\u00e6ledyr (p\u00e5kr\u00e6vet)<br \/>\n<span class=\"wpcf7-form-control-wrap\" data-name=\"checkbox-932\"><span class=\"wpcf7-form-control wpcf7-checkbox wpcf7-exclusive-checkbox\"><span class=\"wpcf7-list-item first last\"><label><input type=\"checkbox\" name=\"checkbox-932\" value=\"Ja\" \/><span class=\"wpcf7-list-item-label\">Ja<\/span><\/label><\/span><\/span><\/span> <\/label>\n<\/p>\n<p><label> Vugge (op til 3 \u00e5r)?<br \/>\n<span class=\"wpcf7-form-control-wrap\" data-name=\"checkbox-34\"><span class=\"wpcf7-form-control wpcf7-checkbox wpcf7-exclusive-checkbox\"><span class=\"wpcf7-list-item first last\"><label><input type=\"checkbox\" name=\"checkbox-34\" value=\"Ja\" \/><span class=\"wpcf7-list-item-label\">Ja<\/span><\/label><\/span><\/span><\/span> <\/label>\n<\/p>\n<p><label> Din besked<br \/>\n<span class=\"wpcf7-form-control-wrap\" data-name=\"your-message\"><textarea cols=\"40\" rows=\"10\" maxlength=\"2000\" class=\"wpcf7-form-control wpcf7-textarea\" aria-invalid=\"false\" name=\"your-message\"><\/textarea><\/span> <\/label>\n<\/p>\n<p><span class=\"wpcf7-form-control-wrap\" data-name=\"acceptance-544\"><span class=\"wpcf7-form-control wpcf7-acceptance\"><span class=\"wpcf7-list-item\"><label><input type=\"checkbox\" name=\"acceptance-544\" value=\"1\" aria-invalid=\"false\" \/><span class=\"wpcf7-list-item-label\">Jeg har taget privatlivspolitikken til efterretning. Jeg accepterer, at mine oplysninger og data indsamles og gemmes elektronisk for at besvare min foresp\u00f8rgsel.<\/span><\/label><\/span><\/span><\/span>\n<\/p>\n<p><input class=\"wpcf7-form-control wpcf7-submit has-spinner\" type=\"submit\" value=\"senden\" \/>\n<\/p><div class=\"wpcf7-response-output\" aria-hidden=\"true\"><\/div>\n<\/form>\n<\/div>\n<\/div>[\/vc_column][\/vc_row][\/vc_section]<\/p>\n<\/div>","protected":false},"excerpt":{"rendered":"<p>[vc_section css=&#8221;.vc_custom_1696788029617{margin-top: -50px !important;}&#8221;][vc_row][vc_column width=&#8221;1\/3&#8243;][vc_column_text]Tak for din interesse i et ophold i vores feriehytter i Harzen. Vi forventer at \u00e5bne vores ferieby i begyndelsen af september 2024. Vi er glade for at modtage din uforpligtende foresp\u00f8rgsel p\u00e5 forh\u00e5nd via telefon eller via reservationsformularen. Vi kontakter dig s\u00e5 hurtigt som muligt. Vores hjemmeside er i \u00f8jeblikket [&hellip;]<\/p>\n","protected":false},"author":2,"featured_media":0,"parent":0,"menu_order":0,"comment_status":"closed","ping_status":"closed","template":"","meta":{"footnotes":""},"class_list":["post-5394","page","type-page","status-publish","hentry"],"yoast_head":"<!-- This site is optimized with the Yoast SEO plugin v26.1 - https:\/\/yoast.com\/wordpress\/plugins\/seo\/ -->\n<title>Foresp\u00f8rgselsformular - Hahnenklee Ferienchalets<\/title>\n<meta name=\"robots\" content=\"index, follow, max-snippet:-1, max-image-preview:large, max-video-preview:-1\" \/>\n<link rel=\"canonical\" href=\"https:\/\/hahnenklee-ferienchalets.de\/da\/forespoergselsformular\/\" \/>\n<meta property=\"og:locale\" content=\"da_DK\" \/>\n<meta property=\"og:type\" content=\"article\" \/>\n<meta property=\"og:title\" content=\"Foresp\u00f8rgselsformular - Hahnenklee Ferienchalets\" \/>\n<meta property=\"og:description\" content=\"[vc_section css=&#8221;.vc_custom_1696788029617{margin-top: -50px !important;}&#8221;][vc_row][vc_column width=&#8221;1\/3&#8243;][vc_column_text]Tak for din interesse i et ophold i vores feriehytter i Harzen. Vi forventer at \u00e5bne vores ferieby i begyndelsen af september 2024. Vi er glade for at modtage din uforpligtende foresp\u00f8rgsel p\u00e5 forh\u00e5nd via telefon eller via reservationsformularen. Vi kontakter dig s\u00e5 hurtigt som muligt. Vores hjemmeside er i \u00f8jeblikket [&hellip;]\" \/>\n<meta property=\"og:url\" content=\"https:\/\/hahnenklee-ferienchalets.de\/da\/forespoergselsformular\/\" \/>\n<meta property=\"og:site_name\" content=\"Hahnenklee Ferienchalets\" \/>\n<meta property=\"article:modified_time\" content=\"2025-01-30T10:51:54+00:00\" \/>\n<meta name=\"twitter:card\" content=\"summary_large_image\" \/>\n<meta name=\"twitter:label1\" content=\"Estimeret l\u00e6setid\" \/>\n\t<meta name=\"twitter:data1\" content=\"2 minutter\" \/>\n<script type=\"application\/ld+json\" class=\"yoast-schema-graph\">{\"@context\":\"https:\/\/schema.org\",\"@graph\":[{\"@type\":\"WebPage\",\"@id\":\"https:\/\/hahnenklee-ferienchalets.de\/da\/forespoergselsformular\/\",\"url\":\"https:\/\/hahnenklee-ferienchalets.de\/da\/forespoergselsformular\/\",\"name\":\"Foresp\u00f8rgselsformular - Hahnenklee Ferienchalets\",\"isPartOf\":{\"@id\":\"https:\/\/hahnenklee-ferienchalets.de\/da\/#website\"},\"datePublished\":\"2023-10-08T17:58:31+00:00\",\"dateModified\":\"2025-01-30T10:51:54+00:00\",\"breadcrumb\":{\"@id\":\"https:\/\/hahnenklee-ferienchalets.de\/da\/forespoergselsformular\/#breadcrumb\"},\"inLanguage\":\"da-DK\",\"potentialAction\":[{\"@type\":\"ReadAction\",\"target\":[\"https:\/\/hahnenklee-ferienchalets.de\/da\/forespoergselsformular\/\"]}]},{\"@type\":\"BreadcrumbList\",\"@id\":\"https:\/\/hahnenklee-ferienchalets.de\/da\/forespoergselsformular\/#breadcrumb\",\"itemListElement\":[{\"@type\":\"ListItem\",\"position\":1,\"name\":\"Startseite\",\"item\":\"https:\/\/hahnenklee-ferienchalets.de\/da\/ferieby\/\"},{\"@type\":\"ListItem\",\"position\":2,\"name\":\"Foresp\u00f8rgselsformular\"}]},{\"@type\":\"WebSite\",\"@id\":\"https:\/\/hahnenklee-ferienchalets.de\/da\/#website\",\"url\":\"https:\/\/hahnenklee-ferienchalets.de\/da\/\",\"name\":\"Hahnenklee Ferienchalets\",\"description\":\"Resort\",\"potentialAction\":[{\"@type\":\"SearchAction\",\"target\":{\"@type\":\"EntryPoint\",\"urlTemplate\":\"https:\/\/hahnenklee-ferienchalets.de\/da\/?s={search_term_string}\"},\"query-input\":{\"@type\":\"PropertyValueSpecification\",\"valueRequired\":true,\"valueName\":\"search_term_string\"}}],\"inLanguage\":\"da-DK\"}]}<\/script>\n<!-- \/ Yoast SEO plugin. -->","yoast_head_json":{"title":"Foresp\u00f8rgselsformular - Hahnenklee Ferienchalets","robots":{"index":"index","follow":"follow","max-snippet":"max-snippet:-1","max-image-preview":"max-image-preview:large","max-video-preview":"max-video-preview:-1"},"canonical":"https:\/\/hahnenklee-ferienchalets.de\/da\/forespoergselsformular\/","og_locale":"da_DK","og_type":"article","og_title":"Foresp\u00f8rgselsformular - Hahnenklee Ferienchalets","og_description":"[vc_section css=&#8221;.vc_custom_1696788029617{margin-top: -50px !important;}&#8221;][vc_row][vc_column width=&#8221;1\/3&#8243;][vc_column_text]Tak for din interesse i et ophold i vores feriehytter i Harzen. Vi forventer at \u00e5bne vores ferieby i begyndelsen af september 2024. Vi er glade for at modtage din uforpligtende foresp\u00f8rgsel p\u00e5 forh\u00e5nd via telefon eller via reservationsformularen. Vi kontakter dig s\u00e5 hurtigt som muligt. Vores hjemmeside er i \u00f8jeblikket [&hellip;]","og_url":"https:\/\/hahnenklee-ferienchalets.de\/da\/forespoergselsformular\/","og_site_name":"Hahnenklee Ferienchalets","article_modified_time":"2025-01-30T10:51:54+00:00","twitter_card":"summary_large_image","twitter_misc":{"Estimeret l\u00e6setid":"2 minutter"},"schema":{"@context":"https:\/\/schema.org","@graph":[{"@type":"WebPage","@id":"https:\/\/hahnenklee-ferienchalets.de\/da\/forespoergselsformular\/","url":"https:\/\/hahnenklee-ferienchalets.de\/da\/forespoergselsformular\/","name":"Foresp\u00f8rgselsformular - Hahnenklee Ferienchalets","isPartOf":{"@id":"https:\/\/hahnenklee-ferienchalets.de\/da\/#website"},"datePublished":"2023-10-08T17:58:31+00:00","dateModified":"2025-01-30T10:51:54+00:00","breadcrumb":{"@id":"https:\/\/hahnenklee-ferienchalets.de\/da\/forespoergselsformular\/#breadcrumb"},"inLanguage":"da-DK","potentialAction":[{"@type":"ReadAction","target":["https:\/\/hahnenklee-ferienchalets.de\/da\/forespoergselsformular\/"]}]},{"@type":"BreadcrumbList","@id":"https:\/\/hahnenklee-ferienchalets.de\/da\/forespoergselsformular\/#breadcrumb","itemListElement":[{"@type":"ListItem","position":1,"name":"Startseite","item":"https:\/\/hahnenklee-ferienchalets.de\/da\/ferieby\/"},{"@type":"ListItem","position":2,"name":"Foresp\u00f8rgselsformular"}]},{"@type":"WebSite","@id":"https:\/\/hahnenklee-ferienchalets.de\/da\/#website","url":"https:\/\/hahnenklee-ferienchalets.de\/da\/","name":"Hahnenklee Ferienchalets","description":"Resort","potentialAction":[{"@type":"SearchAction","target":{"@type":"EntryPoint","urlTemplate":"https:\/\/hahnenklee-ferienchalets.de\/da\/?s={search_term_string}"},"query-input":{"@type":"PropertyValueSpecification","valueRequired":true,"valueName":"search_term_string"}}],"inLanguage":"da-DK"}]}},"_links":{"self":[{"href":"https:\/\/hahnenklee-ferienchalets.de\/da\/wp-json\/wp\/v2\/pages\/5394","targetHints":{"allow":["GET"]}}],"collection":[{"href":"https:\/\/hahnenklee-ferienchalets.de\/da\/wp-json\/wp\/v2\/pages"}],"about":[{"href":"https:\/\/hahnenklee-ferienchalets.de\/da\/wp-json\/wp\/v2\/types\/page"}],"author":[{"embeddable":true,"href":"https:\/\/hahnenklee-ferienchalets.de\/da\/wp-json\/wp\/v2\/users\/2"}],"replies":[{"embeddable":true,"href":"https:\/\/hahnenklee-ferienchalets.de\/da\/wp-json\/wp\/v2\/comments?post=5394"}],"version-history":[{"count":2,"href":"https:\/\/hahnenklee-ferienchalets.de\/da\/wp-json\/wp\/v2\/pages\/5394\/revisions"}],"predecessor-version":[{"id":29179,"href":"https:\/\/hahnenklee-ferienchalets.de\/da\/wp-json\/wp\/v2\/pages\/5394\/revisions\/29179"}],"wp:attachment":[{"href":"https:\/\/hahnenklee-ferienchalets.de\/da\/wp-json\/wp\/v2\/media?parent=5394"}],"curies":[{"name":"wp","href":"https:\/\/api.w.org\/{rel}","templated":true}]}}